{"id":8474,"date":"2023-08-02T14:08:16","date_gmt":"2023-08-02T12:08:16","guid":{"rendered":"https:\/\/levillagedesantiquairesdelagare-nouvelvag.com\/?page_id=8474"},"modified":"2023-09-06T14:48:39","modified_gmt":"2023-09-06T12:48:39","slug":"pascale-bonnefond","status":"publish","type":"page","link":"https:\/\/levillagedesantiquairesdelagare-nouvelvag.com\/en\/les-antiquaires\/le-rez-de-chaussee\/pascale-bonnefond\/","title":{"rendered":"Pascale Bonnefond"},"content":{"rendered":"<div data-colibri-id=\"8474-c1\" class=\"style-5257 style-local-8474-c1 position-relative\">\n  <!---->\n  <div data-colibri-component=\"section\" data-colibri-id=\"8474-c2\" id=\"reusable-sections\" class=\"h-section h-section-global-spacing d-flex align-items-lg-center align-items-md-center align-items-center style-5258 style-local-8474-c2 position-relative\">\n    <!---->\n    <!---->\n    <div class=\"h-section-grid-container h-section-boxed-container\">\n      <!---->\n      <div data-colibri-id=\"8474-c3\" class=\"h-row-container gutters-row-lg-0 gutters-row-md-0 gutters-row-0 gutters-row-v-lg-0 gutters-row-v-md-0 gutters-row-v-0 style-5259 style-local-8474-c3 position-relative\">\n        <!---->\n        <div class=\"h-row justify-content-lg-center justify-content-md-center justify-content-center align-items-lg-stretch align-items-md-stretch align-items-stretch gutters-col-lg-0 gutters-col-md-0 gutters-col-0 gutters-col-v-lg-0 gutters-col-v-md-0 gutters-col-v-0\">\n          <!---->\n          <div class=\"h-column h-column-container d-flex h-col-lg-auto h-col-md-auto h-col-auto style-5260-outer style-local-8474-c4-outer\">\n            <div data-colibri-id=\"8474-c4\" class=\"d-flex h-flex-basis h-column__inner h-px-lg-1 h-px-md-1 h-px-1 v-inner-lg-1 v-inner-md-1 v-inner-1 style-5260 style-local-8474-c4 position-relative\">\n              <!---->\n              <!---->\n              <div class=\"w-100 h-y-container h-column__content h-column__v-align flex-basis-100 align-self-lg-start align-self-md-start align-self-start\">\n                <!---->\n                <div data-colibri-id=\"8474-c5\" class=\"h-global-transition-all h-heading style-5261 style-local-8474-c5 position-relative h-element\">\n                  <!---->\n                  <div class=\"h-heading__outer style-5261 style-local-8474-c5\">\n                    <!---->\n                    <!---->\n                    <h1 class=\"\">Pascale Bonnefond<\/h1>\n                  <\/div>\n                <\/div>\n              <\/div>\n            <\/div>\n          <\/div>\n        <\/div>\n      <\/div>\n      <div data-colibri-id=\"8474-c6\" class=\"h-row-container gutters-row-lg-0 gutters-row-md-0 gutters-row-0 gutters-row-v-lg-0 gutters-row-v-md-0 gutters-row-v-0 style-5262 style-local-8474-c6 position-relative\">\n        <!---->\n        <div class=\"h-row justify-content-lg-center justify-content-md-center justify-content-center align-items-lg-stretch align-items-md-stretch align-items-stretch gutters-col-lg-0 gutters-col-md-0 gutters-col-0 gutters-col-v-lg-0 gutters-col-v-md-0 gutters-col-v-0\">\n          <!---->\n          <div class=\"h-column h-column-container d-flex h-col-lg-auto h-col-md-auto h-col-auto style-5263-outer style-local-8474-c7-outer\">\n            <div data-colibri-id=\"8474-c7\" class=\"d-flex h-flex-basis h-column__inner h-px-lg-1 h-px-md-1 h-px-1 v-inner-lg-1 v-inner-md-1 v-inner-1 style-5263 style-local-8474-c7 position-relative\">\n              <!---->\n              <!---->\n              <div class=\"w-100 h-y-container h-column__content h-column__v-align flex-basis-100 align-self-lg-start align-self-md-start align-self-start\">\n                <!---->\n                <div data-colibri-id=\"8474-c8\" class=\"h-divider style-5264 style-local-8474-c8 position-relative h-element\">\n                  <!----><span class=\"h-divider__line style-5264-line style-local-8474-c8-line style-5264-line style-local-8474-c8-line\"><\/span><\/div>\n                <div data-colibri-id=\"8474-c9\" class=\"h-global-transition-all h-heading style-5265 style-local-8474-c9 position-relative h-element\">\n                  <!---->\n                  <div class=\"h-heading__outer style-5265 style-local-8474-c9\">\n                    <!---->\n                    <!---->\n                    <h2 class=\"\">Mobilier et d\u00e9coration XXe,\n                      <br>Meubles scandinaves et Si\u00e8ges en Cuir<\/h2>\n                  <\/div>\n                <\/div>\n              <\/div>\n            <\/div>\n          <\/div>\n        <\/div>\n      <\/div>\n    <\/div>\n  <\/div>\n  <div data-colibri-component=\"section\" data-colibri-id=\"8474-c10\" id=\"reusable-sections-2\" class=\"h-section h-section-global-spacing d-flex align-items-lg-center align-items-md-center align-items-center style-5266 style-local-8474-c10 position-relative\">\n    <!---->\n    <!---->\n    <div class=\"h-section-grid-container h-section-boxed-container\">\n      <!---->\n      <div data-colibri-id=\"8474-c11\" class=\"h-row-container gutters-row-lg-0 gutters-row-md-0 gutters-row-1 gutters-row-v-lg-0 gutters-row-v-md-0 gutters-row-v-1 style-5267 style-local-8474-c11 position-relative\">\n        <!---->\n        <div class=\"h-row justify-content-lg-center justify-content-md-center justify-content-center align-items-lg-stretch align-items-md-stretch align-items-stretch gutters-col-lg-0 gutters-col-md-0 gutters-col-1 gutters-col-v-lg-0 gutters-col-v-md-0 gutters-col-v-1\">\n          <!---->\n          <div class=\"h-column h-column-container d-flex h-col-lg-auto h-col-md-auto h-col-auto style-5268-outer style-local-8474-c12-outer\">\n            <div data-colibri-id=\"8474-c12\" class=\"d-flex h-flex-basis h-column__inner h-px-lg-0 h-px-md-0 h-px-3 v-inner-lg-0 v-inner-md-0 v-inner-3 style-5268 style-local-8474-c12 position-relative\">\n              <!---->\n              <!---->\n              <div class=\"w-100 h-y-container h-column__content h-column__v-align flex-basis-100 align-self-lg-center align-self-md-center align-self-center\">\n                <!---->\n                <div data-colibri-id=\"8474-c13\" class=\"h-row-container gutters-row-lg-2 gutters-row-md-2 gutters-row-0 gutters-row-v-lg-2 gutters-row-v-md-2 gutters-row-v-2 style-5269 style-local-8474-c13 position-relative\">\n                  <!---->\n                  <div class=\"h-row justify-content-lg-center justify-content-md-center justify-content-center align-items-lg-stretch align-items-md-stretch align-items-stretch gutters-col-lg-2 gutters-col-md-2 gutters-col-0 gutters-col-v-lg-2 gutters-col-v-md-2 gutters-col-v-2\">\n                    <!---->\n                    <div class=\"h-column h-column-container d-flex h-col-lg-auto h-col-md-auto h-col-auto style-5270-outer style-local-8474-c14-outer\">\n                      <div data-colibri-id=\"8474-c14\" class=\"d-flex h-flex-basis h-column__inner h-ui-empty-state-container h-px-lg-2 h-px-md-2 h-px-2 v-inner-lg-2 v-inner-md-2 v-inner-2 style-5270 style-local-8474-c14 position-relative\">\n                        <!---->\n                        <!---->\n                        <div class=\"w-100 h-y-container h-column__content h-column__v-align flex-basis-100\">\n                          <!---->\n                        <\/div>\n                      <\/div>\n                    <\/div>\n                  <\/div>\n                <\/div>\n              <\/div>\n            <\/div>\n          <\/div>\n          <div class=\"h-column h-column-container d-flex h-col-lg-auto h-col-md-auto h-col-auto style-5271-outer style-local-8474-c15-outer\">\n            <div data-colibri-id=\"8474-c15\" class=\"d-flex h-flex-basis h-column__inner h-px-lg-2 h-px-md-2 h-px-2 v-inner-lg-2 v-inner-md-2 v-inner-2 style-5271 style-local-8474-c15 position-relative\">\n              <!---->\n              <!---->\n              <div class=\"w-100 h-y-container h-column__content h-column__v-align flex-basis-100 align-self-lg-center align-self-md-center align-self-center\">\n                <!---->\n                <div data-colibri-id=\"8474-c16\" class=\"h-row-container gutters-row-lg-1 gutters-row-md-1 gutters-row-0 gutters-row-v-lg-1 gutters-row-v-md-1 gutters-row-v-1 style-5272 style-local-8474-c16 position-relative\">\n                  <!---->\n                  <div class=\"h-row justify-content-lg-center justify-content-md-center justify-content-center align-items-lg-stretch align-items-md-stretch align-items-stretch gutters-col-lg-1 gutters-col-md-1 gutters-col-0 gutters-col-v-lg-1 gutters-col-v-md-1 gutters-col-v-1\">\n                    <!---->\n                    <div class=\"h-column h-column-container d-flex h-col-lg-auto h-col-md-auto h-col-auto style-5273-outer style-local-8474-c17-outer\">\n                      <div data-colibri-id=\"8474-c17\" class=\"d-flex h-flex-basis h-column__inner h-px-lg-2 h-px-md-2 h-px-2 v-inner-lg-2 v-inner-md-2 v-inner-2 style-5273 style-local-8474-c17 position-relative\">\n                        <!---->\n                        <!---->\n                        <div class=\"w-100 h-y-container h-column__content h-column__v-align flex-basis-100 align-self-lg-start align-self-md-start align-self-start\">\n                          <!---->\n                          <div data-colibri-id=\"8474-c18\" class=\"h-global-transition-all h-heading style-5274 style-local-8474-c18 position-relative h-element\">\n                            <!---->\n                            <div class=\"h-heading__outer style-5274 style-local-8474-c18\">\n                              <!---->\n                              <!---->\n                              <h3 class=\"\">Pascale Bonnefond<\/h3>\n                            <\/div>\n                          <\/div>\n                          <div data-colibri-id=\"8474-c19\" class=\"h-global-transition-all h-heading style-5275 style-local-8474-c19 position-relative h-element\">\n                            <!---->\n                            <div class=\"h-heading__outer style-5275 style-local-8474-c19\">\n                              <!---->\n                              <!---->\n                              <h4 class=\"\">Mobilier et d\u00e9coration XXe, Meubles scandinaves et Si\u00e8ges en Cuir<\/h4>\n                            <\/div>\n                          <\/div>\n                          <div data-colibri-id=\"8474-c20\" class=\"h-text h-text-component style-5276 style-local-8474-c20 position-relative h-element\">\n                            <!---->\n                            <!---->\n                            <div class=\"\">\n                              <p>Sp\u00e9cialiste des si\u00e8ges en cuir et des meubles scandinaves, Pascale Bonnefond vous emm\u00e8nera&nbsp;dans son univers chaleureux et vintage.\n                                <br>Tombez sous le charme d&rsquo;un canap\u00e9 en cuir noir haut de gamme, d&rsquo;un meuble patin\u00e9 en bois brut ou encore d&rsquo;une enfilade danoise accompagn\u00e9e de ses fauteuils en velours c\u00f4tel\u00e9. Du d\u00e9but du XXe jusqu&rsquo;\u00e0 nos jours, vous trouverez\n                                tout ce qu&rsquo;il vous faut pour am\u00e9nager un espace convivial et \u00e9l\u00e9gant.&nbsp;<\/p>\n                            <\/div>\n                          <\/div>\n                        <\/div>\n                      <\/div>\n                    <\/div>\n                  <\/div>\n                <\/div>\n              <\/div>\n            <\/div>\n          <\/div>\n        <\/div>\n      <\/div>\n    <\/div>\n  <\/div>\n  <div data-colibri-component=\"section\" data-colibri-id=\"8474-c21\" id=\"reusable-sections-3\" class=\"h-section h-section-global-spacing d-flex align-items-lg-center align-items-md-center align-items-center style-5277 style-local-8474-c21 position-relative\">\n    <!---->\n    <!---->\n    <div class=\"h-section-grid-container h-section-boxed-container\">\n      <!---->\n      <div data-colibri-id=\"8474-c22\" class=\"h-row-container gutters-row-lg-1 gutters-row-md-1 gutters-row-0 gutters-row-v-lg-1 gutters-row-v-md-1 gutters-row-v-1 style-5278 style-local-8474-c22 position-relative\">\n        <!---->\n        <div class=\"h-row justify-content-lg-center justify-content-md-center justify-content-center align-items-lg-stretch align-items-md-stretch align-items-stretch gutters-col-lg-1 gutters-col-md-1 gutters-col-0 gutters-col-v-lg-1 gutters-col-v-md-1 gutters-col-v-1\">\n          <!---->\n          <div class=\"h-column h-column-container d-flex h-col-lg-auto h-col-md-auto h-col-auto style-5279-outer style-local-8474-c23-outer\">\n            <div data-colibri-id=\"8474-c23\" class=\"d-flex h-flex-basis h-column__inner h-px-lg-1 h-px-md-1 h-px-1 v-inner-lg-1 v-inner-md-1 v-inner-1 style-5279 style-local-8474-c23 position-relative\">\n              <!---->\n              <!---->\n              <div class=\"w-100 h-y-container h-column__content h-column__v-align flex-basis-100 align-self-lg-start align-self-md-start align-self-start\">\n                <!---->\n                <div data-colibri-id=\"8474-c24\" class=\"d-block style-5280 style-local-8474-c24 position-relative h-element\">\n                  <!---->\n                  <div class=\"h-image__frame-container-outer\">\n                    <div class=\"h-image__frame-container\">\n                      <!---->\n                      <!---->\n                      <img loading=\"lazy\" decoding=\"async\" width=\"960\" height=\"795\" src=\"https:\/\/levillagedesantiquairesdelagare-nouvelvag.com\/wp-content\/uploads\/2023\/08\/Stand-13-14-34-35-36-Pascale-Bonnefond.webp\" class=\"wp-image-8476 style-5280-image style-local-8474-c24-image\" alt=\"Stand 13 - 14 - 34 - 35 - 36 Pascale Bonnefond\" srcset=\"https:\/\/levillagedesantiquairesdelagare-nouvelvag.com\/wp-content\/uploads\/2023\/08\/Stand-13-14-34-35-36-Pascale-Bonnefond.webp 960w, https:\/\/levillagedesantiquairesdelagare-nouvelvag.com\/wp-content\/uploads\/2023\/08\/Stand-13-14-34-35-36-Pascale-Bonnefond-300x248.webp 300w, https:\/\/levillagedesantiquairesdelagare-nouvelvag.com\/wp-content\/uploads\/2023\/08\/Stand-13-14-34-35-36-Pascale-Bonnefond-768x636.webp 768w\" sizes=\"auto, (max-width: 960px) 100vw, 960px\" \/>\n                      <div class=\"h-image__frame h-hide-lg h-hide-md h-hide-sm style-5280-frameImage style-local-8474-c24-frameImage\"><\/div>\n                    <\/div>\n                  <\/div>\n                <\/div>\n              <\/div>\n            <\/div>\n          <\/div>\n          <div class=\"h-column h-column-container d-flex h-col-lg-auto h-col-md-auto h-col-auto style-5281-outer style-local-8474-c25-outer\">\n            <div data-colibri-id=\"8474-c25\" class=\"d-flex h-flex-basis h-column__inner h-px-lg-1 h-px-md-1 h-px-1 v-inner-lg-1 v-inner-md-1 v-inner-1 style-5281 style-local-8474-c25 position-relative\">\n              <!---->\n              <!---->\n              <div class=\"w-100 h-y-container h-column__content h-column__v-align flex-basis-100 align-self-lg-center align-self-md-center align-self-center\">\n                <!---->\n                <div data-colibri-id=\"8474-c26\" class=\"icon-list d-flex justify-content-lg-start justify-content-md-start justify-content-start style-5282 style-local-8474-c26 position-relative h-element\">\n                  <!---->\n                  <ul class=\"ul-list-icon vertical-on-desktop vertical-on-tablet vertical-on-mobile justify-content-lg-start justify-content-md-start justify-content-start\">\n                    <!---->\n                    <li class=\"list-item no-gutters\">\n                      <!---->\n                      <div class=\"list-container-divider d-flex justify-content-lg-start justify-content-md-start justify-content-start first-el-spacer\"><\/div> <span class=\"item-link no-gutters\"><div class=\"d-flex h-col no-gutters align-items-lg-center align-items-md-center align-items-center list-item-text-wrapper\"><div class=\"d-flex\"><span  class=\"h-svg-icon style-5282-icon style-local-8474-c26-icon\"><!--Icon by Ionicons (https:\/\/ionicons.com)--><svg version=\"1.1\" xmlns=\"http:\/\/www.w3.org\/2000\/svg\" xmlns:xlink=\"http:\/\/www.w3.org\/1999\/xlink\" id=\"ios-location\" viewbox=\"0 0 288 512\"><path d=\"M144 32c80 0 144 64 144 144 0 112-144 304-144 304S0 288 0 176C0 96 64 32 144 32zm0 191c26 0 47-21 47-47s-21-47-47-47-47 21-47 47 21 47 47 47z\"><\/path><\/svg><\/span><\/div>\n                <span class=\"list-text d-block\"><span>Stand n\u00b013 \/ 14 \/ 34 \/ 35 \/ 36<\/span><\/span>\n              <\/div>\n              <\/span>\n              <div class=\"list-container-divider d-flex justify-content-lg-start justify-content-md-start justify-content-start\">\n                <!---->\n              <\/div>\n              <\/li>\n              <li class=\"list-item no-gutters\">\n                <!---->\n                <!----><span class=\"item-link no-gutters\"><div class=\"d-flex h-col no-gutters align-items-lg-center align-items-md-center align-items-center list-item-text-wrapper\"><div class=\"d-flex\"><span  class=\"h-svg-icon style-5282-icon style-local-8474-c26-icon\"><!--Icon by Ionicons (https:\/\/ionicons.com)--><svg version=\"1.1\" xmlns=\"http:\/\/www.w3.org\/2000\/svg\" xmlns:xlink=\"http:\/\/www.w3.org\/1999\/xlink\" id=\"ios-telephone\" viewbox=\"0 0 352.0607 512\"><path d=\"M336.06 336c16 16 26 35 0 66-25 30-42 30-64 30-24 0-58-14-93-40-32-23-46-34-78-67-34-35-55-64-79-107-27-50-24-74-18-92 4-12 14-24 28-33l1-1c6-4 18-12 32-12 13 0 24 6 34 18l1 1c11 14 24 31 32 47 10 21 10 38-1 53-9 12-12 19-12 23s5 9 13 18l1 1c16 18 20 23 26 29 1 1 3 2 4 3l2 2c7 7 11 12 29 28l1 1c7 6 9 8 12 8 5 0 16-7 29-15 4-3 11-5 17-5 27 0 68 29 83 44z\"><\/path><\/svg><\/span><\/div>\n            <span class=\"list-text d-block\"><span>+33 (0)6 08 32 02 84<\/span><\/span>\n          <\/div>\n          <\/span>\n          <div class=\"list-container-divider d-flex justify-content-lg-start justify-content-md-start justify-content-start\">\n            <!---->\n          <\/div>\n          <\/li>\n          <li class=\"list-item no-gutters\">\n            <!---->\n            <!---->\n            <a href=\"mailto:bonnefondpascale@gmail.com\" h-use-smooth-scroll=\"true\" class=\"item-link no-gutters\">\n              <div class=\"d-flex h-col no-gutters align-items-lg-center align-items-md-center align-items-center list-item-text-wrapper\">\n                <div class=\"d-flex\"><span class=\"h-svg-icon style-5282-icon style-local-8474-c26-icon\"><!--Icon by Ionicons (https:\/\/ionicons.com)--><svg version=\"1.1\" xmlns=\"http:\/\/www.w3.org\/2000\/svg\" xmlns:xlink=\"http:\/\/www.w3.org\/1999\/xlink\" id=\"email\" viewbox=\"0 0 416.0331 512\"><path d=\"M19 149c-4-2-11-7-13-11-3-8 1-10 12-10h382c11 0 15 2 12 10-2 4-9 9-13 11-11 6-163 89-169 92s-12 4-21 4-15-1-21-4-158-86-169-92zm389 4c9-4 8 1 8 5v205c0 9-12 21-22 21H24c-10 0-24-12-24-21V158s0-9 9-5c8 4 83 56 132 88l-83 93c-2 2-2 4-1 5s4 1 6-1l98-83c15 10 25 16 27 17 8 4 14 4 21 4s13 0 21-4c2-1 12-7 27-17l98 83c2 2 5 2 6 1s0-3-2-5l-82-93c49-32 123-84 131-88z\"><\/path><\/svg><\/span><\/div>\n                <span class=\"list-text d-block\"><span>bonnefondpascale@gmail.com<\/span><\/span>\n              <\/div>\n            <\/a>\n            <div class=\"list-container-divider d-flex justify-content-lg-start justify-content-md-start justify-content-start\">\n              <!---->\n            <\/div>\n          <\/li>\n          <li class=\"list-item no-gutters\">\n            <!---->\n            <!---->\n            <a href=\"https:\/\/www.facebook.com\/pascalebonnefond84\" h-use-smooth-scroll=\"true\" class=\"item-link no-gutters\">\n              <div class=\"d-flex h-col no-gutters align-items-lg-center align-items-md-center align-items-center list-item-text-wrapper\">\n                <div class=\"d-flex\"><span class=\"h-svg-icon style-5282-icon style-local-8474-c26-icon\"><!--Icon by Font Awesome (https:\/\/fontawesome.com)--><svg version=\"1.1\" xmlns=\"http:\/\/www.w3.org\/2000\/svg\" xmlns:xlink=\"http:\/\/www.w3.org\/1999\/xlink\" id=\"facebook-f\" viewbox=\"0 0 1024 1896.0833\"><path d=\"M959 12v264H802q-86 0-116 36t-30 108v189h293l-39 296H656v759H350V905H95V609h255V391q0-186 104-288.5T731 0q147 0 228 12z\"><\/path><\/svg><\/span><\/div>\n                <span class=\"list-text d-block\"><span>Antiquit\u00e9s decoration Pascale Bonnefond<\/span><\/span>\n              <\/div>\n            <\/a>\n            <div class=\"list-container-divider d-flex justify-content-lg-start justify-content-md-start justify-content-start\">\n              <!---->\n            <\/div>\n          <\/li>\n          <li class=\"list-item no-gutters\">\n            <!---->\n            <!---->\n            <a href=\"https:\/\/www.instagram.com\/bonnefond_antiques\/?hl=fr\" h-use-smooth-scroll=\"true\" class=\"item-link no-gutters\">\n              <div class=\"d-flex h-col no-gutters align-items-lg-center align-items-md-center align-items-center list-item-text-wrapper\">\n                <div class=\"d-flex\"><span class=\"h-svg-icon style-5282-icon style-local-8474-c26-icon\"><!--Icon by Font Awesome (https:\/\/fontawesome.com)--><svg version=\"1.1\" xmlns=\"http:\/\/www.w3.org\/2000\/svg\" xmlns:xlink=\"http:\/\/www.w3.org\/1999\/xlink\" id=\"instagram\" viewbox=\"0 0 1536 1896.0833\"><path d=\"M1024 896q0-106-75-181t-181-75-181 75-75 181 75 181 181 75 181-75 75-181zm138 0q0 164-115 279t-279 115-279-115-115-279 115-279 279-115 279 115 115 279zm108-410q0 38-27 65t-65 27-65-27-27-65 27-65 65-27 65 27 27 65zM768 266q-7 0-76.5-.5t-105.5 0-96.5 3-103 10T315 297q-50 20-88 58t-58 88q-11 29-18.5 71.5t-10 103-3 96.5 0 105.5.5 76.5-.5 76.5 0 105.5 3 96.5 10 103T169 1349q20 50 58 88t88 58q29 11 71.5 18.5t103 10 96.5 3 105.5 0 76.5-.5 76.5.5 105.5 0 96.5-3 103-10 71.5-18.5q50-20 88-58t58-88q11-29 18.5-71.5t10-103 3-96.5 0-105.5-.5-76.5.5-76.5 0-105.5-3-96.5-10-103T1367 443q-20-50-58-88t-88-58q-29-11-71.5-18.5t-103-10-96.5-3-105.5 0-76.5.5zm768 630q0 229-5 317-10 208-124 322t-322 124q-88 5-317 5t-317-5q-208-10-322-124T5 1213q-5-88-5-317t5-317q10-208 124-322t322-124q88-5 317-5t317 5q208 10 322 124t124 322q5 88 5 317z\"><\/path><\/svg><\/span><\/div>\n                <span class=\"list-text d-block\"><span>bonnefond_antiques<\/span><\/span>\n              <\/div>\n            <\/a>\n            <div class=\"list-container-divider d-flex justify-content-lg-start justify-content-md-start justify-content-start\" style=\"display: none;\">\n              <!---->\n            <\/div>\n            <div class=\"list-container-divider d-flex justify-content-lg-start justify-content-md-start justify-content-start last-el-spacer\"><\/div>\n          <\/li>\n          <\/ul>\n        <\/div>\n      <\/div>\n    <\/div>\n  <\/div>\n<\/div>\n<\/div>\n<\/div>\n<\/div>\n<div data-colibri-component=\"section\" data-colibri-id=\"8474-c27\" id=\"reusable-sections-4\" class=\"h-section h-section-global-spacing d-flex align-items-lg-center align-items-md-center align-items-center style-5283 style-local-8474-c27 position-relative\">\n  <!---->\n  <!---->\n  <div class=\"h-section-grid-container h-section-boxed-container\">\n    <!---->\n    <div data-colibri-id=\"8474-c28\" class=\"h-row-container gutters-row-lg-2 gutters-row-md-2 gutters-row-0 gutters-row-v-lg-2 gutters-row-v-md-2 gutters-row-v-2 style-5284 style-local-8474-c28 position-relative\">\n      <!---->\n      <div class=\"h-row justify-content-lg-center justify-content-md-center justify-content-center align-items-lg-stretch align-items-md-stretch align-items-stretch gutters-col-lg-2 gutters-col-md-2 gutters-col-0 gutters-col-v-lg-2 gutters-col-v-md-2 gutters-col-v-2\">\n        <!---->\n        <div class=\"h-column h-column-container d-flex h-col-lg-auto h-col-md-auto h-col-auto style-5285-outer style-local-8474-c29-outer\">\n          <div data-colibri-id=\"8474-c29\" class=\"d-flex h-flex-basis h-column__inner h-px-lg-2 h-px-md-2 h-px-2 v-inner-lg-2 v-inner-md-2 v-inner-2 style-5285 style-local-8474-c29 position-relative\">\n            <!---->\n            <!---->\n            <div class=\"w-100 h-y-container h-column__content h-column__v-align flex-basis-100 align-self-lg-start align-self-md-start align-self-start\">\n              <!---->\n              <div data-colibri-id=\"8474-c30\" class=\"h-x-container style-5286 style-local-8474-c30 position-relative h-element\">\n                <!---->\n                <div class=\"h-x-container-inner style-dynamic-8474-c30-group style-5286-spacing style-local-8474-c30-spacing\"><span class=\"h-button__outer style-5287-outer style-local-8474-c31-outer d-inline-flex h-element\"><a h-use-smooth-scroll=\"true\" href=\"https:\/\/levillagedesantiquairesdelagare-nouvelvag.com\/en\/le-rez-de-chaussee\/\"  data-colibri-id=\"8474-c31\" class=\"d-flex w-100 align-items-center h-button justify-content-lg-center justify-content-md-center justify-content-center style-5287 style-local-8474-c31 position-relative\"><!----><span  class=\"h-svg-icon h-button__icon style-5287-icon style-local-8474-c31-icon\"><!--Icon by Font Awesome (https:\/\/fontawesome.com)--><svg version=\"1.1\" xmlns=\"http:\/\/www.w3.org\/2000\/svg\" xmlns:xlink=\"http:\/\/www.w3.org\/1999\/xlink\" id=\"long-arrow-left\" viewbox=\"0 0 1792 1896.0833\"><path d=\"M1792 800v192q0 14-9 23t-23 9H512v224q0 21-19 29t-35-5L74 922q-10-10-10-23 0-14 10-24l384-354q16-14 35-6 19 9 19 29v224h1248q14 0 23 9t9 23z\"><\/path><\/svg><\/span>                  <span>Revenir \u00e0 la Halle<\/span><\/a>\n                  <\/span>\n                <\/div>\n              <\/div>\n            <\/div>\n          <\/div>\n        <\/div>\n      <\/div>\n    <\/div>\n  <\/div>\n<\/div>\n<\/div>","protected":false},"excerpt":{"rendered":"<p>Pascale Bonnefond Mobilier et d\u00e9coration XXe, Meubles scandinaves et Si\u00e8ges en Cuir Pascale Bonnefond Mobilier et d\u00e9coration XXe, Meubles scandinaves et Si\u00e8ges en Cuir Sp\u00e9cialiste des si\u00e8ges en cuir et des meubles scandinaves, Pascale Bonnefond vous emm\u00e8nera&nbsp;dans son univers chaleureux et vintage. Tombez sous le charme d&rsquo;un canap\u00e9 en cuir noir haut de gamme, d&rsquo;un [&hellip;]<\/p>\n","protected":false},"author":1,"featured_media":8477,"parent":5442,"menu_order":0,"comment_status":"closed","ping_status":"closed","template":"page-templates\/full-width-page.php","meta":{"footnotes":""},"class_list":["post-8474","page","type-page","status-publish","has-post-thumbnail","hentry"],"_links":{"self":[{"href":"https:\/\/levillagedesantiquairesdelagare-nouvelvag.com\/en\/wp-json\/wp\/v2\/pages\/8474","targetHints":{"allow":["GET"]}}],"collection":[{"href":"https:\/\/levillagedesantiquairesdelagare-nouvelvag.com\/en\/wp-json\/wp\/v2\/pages"}],"about":[{"href":"https:\/\/levillagedesantiquairesdelagare-nouvelvag.com\/en\/wp-json\/wp\/v2\/types\/page"}],"author":[{"embeddable":true,"href":"https:\/\/levillagedesantiquairesdelagare-nouvelvag.com\/en\/wp-json\/wp\/v2\/users\/1"}],"replies":[{"embeddable":true,"href":"https:\/\/levillagedesantiquairesdelagare-nouvelvag.com\/en\/wp-json\/wp\/v2\/comments?post=8474"}],"version-history":[{"count":0,"href":"https:\/\/levillagedesantiquairesdelagare-nouvelvag.com\/en\/wp-json\/wp\/v2\/pages\/8474\/revisions"}],"up":[{"embeddable":true,"href":"https:\/\/levillagedesantiquairesdelagare-nouvelvag.com\/en\/wp-json\/wp\/v2\/pages\/5442"}],"wp:featuredmedia":[{"embeddable":true,"href":"https:\/\/levillagedesantiquairesdelagare-nouvelvag.com\/en\/wp-json\/wp\/v2\/media\/8477"}],"wp:attachment":[{"href":"https:\/\/levillagedesantiquairesdelagare-nouvelvag.com\/en\/wp-json\/wp\/v2\/media?parent=8474"}],"curies":[{"name":"wp","href":"https:\/\/api.w.org\/{rel}","templated":true}]}}