{"id":8467,"date":"2023-08-01T11:47:31","date_gmt":"2023-08-01T09:47:31","guid":{"rendered":"https:\/\/levillagedesantiquairesdelagare-nouvelvag.com\/?page_id=8467"},"modified":"2023-09-06T14:48:38","modified_gmt":"2023-09-06T12:48:38","slug":"henri-santiago","status":"publish","type":"page","link":"https:\/\/levillagedesantiquairesdelagare-nouvelvag.com\/en\/les-antiquaires\/le-rez-de-chaussee\/henri-santiago\/","title":{"rendered":"Henri Santiago"},"content":{"rendered":"<div data-colibri-id=\"8467-c1\" class=\"style-5226 style-local-8467-c1 position-relative\">\n  <!---->\n  <div data-colibri-component=\"section\" data-colibri-id=\"8467-c2\" id=\"reusable-sections\" class=\"h-section h-section-global-spacing d-flex align-items-lg-center align-items-md-center align-items-center style-5227 style-local-8467-c2 position-relative\">\n    <!---->\n    <!---->\n    <div class=\"h-section-grid-container h-section-boxed-container\">\n      <!---->\n      <div data-colibri-id=\"8467-c3\" class=\"h-row-container gutters-row-lg-0 gutters-row-md-0 gutters-row-0 gutters-row-v-lg-0 gutters-row-v-md-0 gutters-row-v-0 style-5228 style-local-8467-c3 position-relative\">\n        <!---->\n        <div class=\"h-row justify-content-lg-center justify-content-md-center justify-content-center align-items-lg-stretch align-items-md-stretch align-items-stretch gutters-col-lg-0 gutters-col-md-0 gutters-col-0 gutters-col-v-lg-0 gutters-col-v-md-0 gutters-col-v-0\">\n          <!---->\n          <div class=\"h-column h-column-container d-flex h-col-lg-auto h-col-md-auto h-col-auto style-5229-outer style-local-8467-c4-outer\">\n            <div data-colibri-id=\"8467-c4\" class=\"d-flex h-flex-basis h-column__inner h-px-lg-1 h-px-md-1 h-px-1 v-inner-lg-1 v-inner-md-1 v-inner-1 style-5229 style-local-8467-c4 position-relative\">\n              <!---->\n              <!---->\n              <div class=\"w-100 h-y-container h-column__content h-column__v-align flex-basis-100 align-self-lg-start align-self-md-start align-self-start\">\n                <!---->\n                <div data-colibri-id=\"8467-c5\" class=\"h-global-transition-all h-heading style-5230 style-local-8467-c5 position-relative h-element\">\n                  <!---->\n                  <div class=\"h-heading__outer style-5230 style-local-8467-c5\">\n                    <!---->\n                    <!---->\n                    <h1 class=\"\">Henri Santiago<\/h1>\n                  <\/div>\n                <\/div>\n              <\/div>\n            <\/div>\n          <\/div>\n        <\/div>\n      <\/div>\n      <div data-colibri-id=\"8467-c6\" class=\"h-row-container gutters-row-lg-0 gutters-row-md-0 gutters-row-0 gutters-row-v-lg-0 gutters-row-v-md-0 gutters-row-v-0 style-5231 style-local-8467-c6 position-relative\">\n        <!---->\n        <div class=\"h-row justify-content-lg-center justify-content-md-center justify-content-center align-items-lg-stretch align-items-md-stretch align-items-stretch gutters-col-lg-0 gutters-col-md-0 gutters-col-0 gutters-col-v-lg-0 gutters-col-v-md-0 gutters-col-v-0\">\n          <!---->\n          <div class=\"h-column h-column-container d-flex h-col-lg-auto h-col-md-auto h-col-auto style-5232-outer style-local-8467-c7-outer\">\n            <div data-colibri-id=\"8467-c7\" class=\"d-flex h-flex-basis h-column__inner h-px-lg-1 h-px-md-1 h-px-1 v-inner-lg-1 v-inner-md-1 v-inner-1 style-5232 style-local-8467-c7 position-relative\">\n              <!---->\n              <!---->\n              <div class=\"w-100 h-y-container h-column__content h-column__v-align flex-basis-100 align-self-lg-start align-self-md-start align-self-start\">\n                <!---->\n                <div data-colibri-id=\"8467-c8\" class=\"h-divider style-5233 style-local-8467-c8 position-relative h-element\">\n                  <!----><span class=\"h-divider__line style-5233-line style-local-8467-c8-line style-5233-line style-local-8467-c8-line\"><\/span><\/div>\n                <div data-colibri-id=\"8467-c9\" class=\"h-global-transition-all h-heading style-5234 style-local-8467-c9 position-relative h-element\">\n                  <!---->\n                  <div class=\"h-heading__outer style-5234 style-local-8467-c9\">\n                    <!---->\n                    <!---->\n                    <h2 class=\"\">Mobilier toutes \u00e9poques et objets de d\u00e9coration<\/h2>\n                  <\/div>\n                <\/div>\n              <\/div>\n            <\/div>\n          <\/div>\n        <\/div>\n      <\/div>\n    <\/div>\n  <\/div>\n  <div data-colibri-component=\"section\" data-colibri-id=\"8467-c10\" id=\"reusable-sections-2\" class=\"h-section h-section-global-spacing d-flex align-items-lg-center align-items-md-center align-items-center style-5235 style-local-8467-c10 position-relative\">\n    <!---->\n    <!---->\n    <div class=\"h-section-grid-container h-section-boxed-container\">\n      <!---->\n      <div data-colibri-id=\"8467-c11\" class=\"h-row-container gutters-row-lg-0 gutters-row-md-0 gutters-row-1 gutters-row-v-lg-0 gutters-row-v-md-0 gutters-row-v-1 style-5236 style-local-8467-c11 position-relative\">\n        <!---->\n        <div class=\"h-row justify-content-lg-center justify-content-md-center justify-content-center align-items-lg-stretch align-items-md-stretch align-items-stretch gutters-col-lg-0 gutters-col-md-0 gutters-col-1 gutters-col-v-lg-0 gutters-col-v-md-0 gutters-col-v-1\">\n          <!---->\n          <div class=\"h-column h-column-container d-flex h-col-lg-auto h-col-md-auto h-col-auto style-5237-outer style-local-8467-c12-outer\">\n            <div data-colibri-id=\"8467-c12\" class=\"d-flex h-flex-basis h-column__inner h-px-lg-0 h-px-md-0 h-px-3 v-inner-lg-0 v-inner-md-0 v-inner-3 style-5237 style-local-8467-c12 position-relative\">\n              <!---->\n              <!---->\n              <div class=\"w-100 h-y-container h-column__content h-column__v-align flex-basis-100 align-self-lg-center align-self-md-center align-self-center\">\n                <!---->\n                <div data-colibri-id=\"8467-c13\" class=\"h-row-container gutters-row-lg-2 gutters-row-md-2 gutters-row-0 gutters-row-v-lg-2 gutters-row-v-md-2 gutters-row-v-2 style-5238 style-local-8467-c13 position-relative\">\n                  <!---->\n                  <div class=\"h-row justify-content-lg-center justify-content-md-center justify-content-center align-items-lg-stretch align-items-md-stretch align-items-stretch gutters-col-lg-2 gutters-col-md-2 gutters-col-0 gutters-col-v-lg-2 gutters-col-v-md-2 gutters-col-v-2\">\n                    <!---->\n                    <div class=\"h-column h-column-container d-flex h-col-lg-auto h-col-md-auto h-col-auto style-5239-outer style-local-8467-c14-outer\">\n                      <div data-colibri-id=\"8467-c14\" class=\"d-flex h-flex-basis h-column__inner h-ui-empty-state-container h-px-lg-2 h-px-md-2 h-px-2 v-inner-lg-2 v-inner-md-2 v-inner-2 style-5239 style-local-8467-c14 position-relative\">\n                        <!---->\n                        <!---->\n                        <div class=\"w-100 h-y-container h-column__content h-column__v-align flex-basis-100\">\n                          <!---->\n                        <\/div>\n                      <\/div>\n                    <\/div>\n                  <\/div>\n                <\/div>\n              <\/div>\n            <\/div>\n          <\/div>\n          <div class=\"h-column h-column-container d-flex h-col-lg-auto h-col-md-auto h-col-auto style-5240-outer style-local-8467-c15-outer\">\n            <div data-colibri-id=\"8467-c15\" class=\"d-flex h-flex-basis h-column__inner h-px-lg-2 h-px-md-2 h-px-2 v-inner-lg-2 v-inner-md-2 v-inner-2 style-5240 style-local-8467-c15 position-relative\">\n              <!---->\n              <!---->\n              <div class=\"w-100 h-y-container h-column__content h-column__v-align flex-basis-100 align-self-lg-center align-self-md-center align-self-center\">\n                <!---->\n                <div data-colibri-id=\"8467-c16\" class=\"h-row-container gutters-row-lg-1 gutters-row-md-1 gutters-row-0 gutters-row-v-lg-1 gutters-row-v-md-1 gutters-row-v-1 style-5241 style-local-8467-c16 position-relative\">\n                  <!---->\n                  <div class=\"h-row justify-content-lg-center justify-content-md-center justify-content-center align-items-lg-stretch align-items-md-stretch align-items-stretch gutters-col-lg-1 gutters-col-md-1 gutters-col-0 gutters-col-v-lg-1 gutters-col-v-md-1 gutters-col-v-1\">\n                    <!---->\n                    <div class=\"h-column h-column-container d-flex h-col-lg-auto h-col-md-auto h-col-auto style-5242-outer style-local-8467-c17-outer\">\n                      <div data-colibri-id=\"8467-c17\" class=\"d-flex h-flex-basis h-column__inner h-px-lg-2 h-px-md-2 h-px-2 v-inner-lg-2 v-inner-md-2 v-inner-2 style-5242 style-local-8467-c17 position-relative\">\n                        <!---->\n                        <!---->\n                        <div class=\"w-100 h-y-container h-column__content h-column__v-align flex-basis-100 align-self-lg-start align-self-md-start align-self-start\">\n                          <!---->\n                          <div data-colibri-id=\"8467-c18\" class=\"h-global-transition-all h-heading style-5243 style-local-8467-c18 position-relative h-element\">\n                            <!---->\n                            <div class=\"h-heading__outer style-5243 style-local-8467-c18\">\n                              <!---->\n                              <!---->\n                              <h3 class=\"\">Henri Santiago<\/h3>\n                            <\/div>\n                          <\/div>\n                          <div data-colibri-id=\"8467-c19\" class=\"h-global-transition-all h-heading style-5244 style-local-8467-c19 position-relative h-element\">\n                            <!---->\n                            <div class=\"h-heading__outer style-5244 style-local-8467-c19\">\n                              <!---->\n                              <!---->\n                              <h4 class=\"\">Mobilier toutes \u00e9poques<\/h4>\n                            <\/div>\n                          <\/div>\n                          <div data-colibri-id=\"8467-c20\" class=\"h-text h-text-component style-5245 style-local-8467-c20 position-relative h-element\">\n                            <!---->\n                            <!---->\n                            <div class=\"\">\n                              <p>Depuis plus de 35 ans, Henri Santiago fait le tour des salles de ventes pour d\u00e9nicher du mobilier rare de toutes \u00e9poques.&nbsp;\n                                <br>Retrouvez dans sa boutique divers meubles de m\u00e9tiers, du mobilier patin\u00e9 rustique et classique, des lustres et \u00e9clairages, mais \u00e9galement quelques objets de d\u00e9coration soigneusement s\u00e9lectionn\u00e9s.<\/p>\n                            <\/div>\n                          <\/div>\n                        <\/div>\n                      <\/div>\n                    <\/div>\n                  <\/div>\n                <\/div>\n              <\/div>\n            <\/div>\n          <\/div>\n        <\/div>\n      <\/div>\n    <\/div>\n  <\/div>\n  <div data-colibri-component=\"section\" data-colibri-id=\"8467-c21\" id=\"reusable-sections-3\" class=\"h-section h-section-global-spacing d-flex align-items-lg-center align-items-md-center align-items-center style-5246 style-local-8467-c21 position-relative\">\n    <!---->\n    <!---->\n    <div class=\"h-section-grid-container h-section-boxed-container\">\n      <!---->\n      <div data-colibri-id=\"8467-c22\" class=\"h-row-container gutters-row-lg-1 gutters-row-md-1 gutters-row-0 gutters-row-v-lg-1 gutters-row-v-md-1 gutters-row-v-1 style-5247 style-local-8467-c22 position-relative\">\n        <!---->\n        <div class=\"h-row justify-content-lg-center justify-content-md-center justify-content-center align-items-lg-stretch align-items-md-stretch align-items-stretch gutters-col-lg-1 gutters-col-md-1 gutters-col-0 gutters-col-v-lg-1 gutters-col-v-md-1 gutters-col-v-1\">\n          <!---->\n          <div class=\"h-column h-column-container d-flex h-col-lg-auto h-col-md-auto h-col-auto style-5248-outer style-local-8467-c23-outer\">\n            <div data-colibri-id=\"8467-c23\" class=\"d-flex h-flex-basis h-column__inner h-px-lg-1 h-px-md-1 h-px-1 v-inner-lg-1 v-inner-md-1 v-inner-1 style-5248 style-local-8467-c23 position-relative\">\n              <!---->\n              <!---->\n              <div class=\"w-100 h-y-container h-column__content h-column__v-align flex-basis-100 align-self-lg-start align-self-md-start align-self-start\">\n                <!---->\n                <div data-colibri-id=\"8467-c24\" class=\"d-block style-5249 style-local-8467-c24 position-relative h-element\">\n                  <!---->\n                  <div class=\"h-image__frame-container-outer\">\n                    <div class=\"h-image__frame-container\">\n                      <!---->\n                      <!---->\n                      <img loading=\"lazy\" decoding=\"async\" width=\"960\" height=\"795\" src=\"https:\/\/levillagedesantiquairesdelagare-nouvelvag.com\/wp-content\/uploads\/2023\/08\/Stand-32-33-Henri-Santiago.webp\" class=\"wp-image-8472 style-5249-image style-local-8467-c24-image\" alt=\"Stand 32 - 33 Henri Santiago\" srcset=\"https:\/\/levillagedesantiquairesdelagare-nouvelvag.com\/wp-content\/uploads\/2023\/08\/Stand-32-33-Henri-Santiago.webp 960w, https:\/\/levillagedesantiquairesdelagare-nouvelvag.com\/wp-content\/uploads\/2023\/08\/Stand-32-33-Henri-Santiago-300x248.webp 300w, https:\/\/levillagedesantiquairesdelagare-nouvelvag.com\/wp-content\/uploads\/2023\/08\/Stand-32-33-Henri-Santiago-768x636.webp 768w\" sizes=\"auto, (max-width: 960px) 100vw, 960px\" \/>\n                      <div class=\"h-image__frame h-hide-lg h-hide-md h-hide-sm style-5249-frameImage style-local-8467-c24-frameImage\"><\/div>\n                    <\/div>\n                  <\/div>\n                <\/div>\n              <\/div>\n            <\/div>\n          <\/div>\n          <div class=\"h-column h-column-container d-flex h-col-lg-auto h-col-md-auto h-col-auto style-5250-outer style-local-8467-c25-outer\">\n            <div data-colibri-id=\"8467-c25\" class=\"d-flex h-flex-basis h-column__inner h-px-lg-1 h-px-md-1 h-px-1 v-inner-lg-1 v-inner-md-1 v-inner-1 style-5250 style-local-8467-c25 position-relative\">\n              <!---->\n              <!---->\n              <div class=\"w-100 h-y-container h-column__content h-column__v-align flex-basis-100 align-self-lg-center align-self-md-center align-self-center\">\n                <!---->\n                <div data-colibri-id=\"8467-c26\" class=\"icon-list d-flex justify-content-lg-start justify-content-md-start justify-content-start style-5251 style-local-8467-c26 position-relative h-element\">\n                  <!---->\n                  <ul class=\"ul-list-icon vertical-on-desktop vertical-on-tablet vertical-on-mobile justify-content-lg-start justify-content-md-start justify-content-start\">\n                    <!---->\n                    <li class=\"list-item no-gutters\">\n                      <!---->\n                      <div class=\"list-container-divider d-flex justify-content-lg-start justify-content-md-start justify-content-start first-el-spacer\"><\/div> <span class=\"item-link no-gutters\"><div class=\"d-flex h-col no-gutters align-items-lg-center align-items-md-center align-items-center list-item-text-wrapper\"><div class=\"d-flex\"><span  class=\"h-svg-icon style-5251-icon style-local-8467-c26-icon\"><!--Icon by Ionicons (https:\/\/ionicons.com)--><svg version=\"1.1\" xmlns=\"http:\/\/www.w3.org\/2000\/svg\" xmlns:xlink=\"http:\/\/www.w3.org\/1999\/xlink\" id=\"ios-location\" viewbox=\"0 0 288 512\"><path d=\"M144 32c80 0 144 64 144 144 0 112-144 304-144 304S0 288 0 176C0 96 64 32 144 32zm0 191c26 0 47-21 47-47s-21-47-47-47-47 21-47 47 21 47 47 47z\"><\/path><\/svg><\/span><\/div>\n                <span class=\"list-text d-block\"><span>Stand n\u00b032 \/ 33<\/span><\/span>\n              <\/div>\n              <\/span>\n              <div class=\"list-container-divider d-flex justify-content-lg-start justify-content-md-start justify-content-start\">\n                <!---->\n              <\/div>\n              <\/li>\n              <li class=\"list-item no-gutters\">\n                <!---->\n                <!----><span class=\"item-link no-gutters\"><div class=\"d-flex h-col no-gutters align-items-lg-center align-items-md-center align-items-center list-item-text-wrapper\"><div class=\"d-flex\"><span  class=\"h-svg-icon style-5251-icon style-local-8467-c26-icon\"><!--Icon by Ionicons (https:\/\/ionicons.com)--><svg version=\"1.1\" xmlns=\"http:\/\/www.w3.org\/2000\/svg\" xmlns:xlink=\"http:\/\/www.w3.org\/1999\/xlink\" id=\"ios-telephone\" viewbox=\"0 0 352.0607 512\"><path d=\"M336.06 336c16 16 26 35 0 66-25 30-42 30-64 30-24 0-58-14-93-40-32-23-46-34-78-67-34-35-55-64-79-107-27-50-24-74-18-92 4-12 14-24 28-33l1-1c6-4 18-12 32-12 13 0 24 6 34 18l1 1c11 14 24 31 32 47 10 21 10 38-1 53-9 12-12 19-12 23s5 9 13 18l1 1c16 18 20 23 26 29 1 1 3 2 4 3l2 2c7 7 11 12 29 28l1 1c7 6 9 8 12 8 5 0 16-7 29-15 4-3 11-5 17-5 27 0 68 29 83 44z\"><\/path><\/svg><\/span><\/div>\n            <span class=\"list-text d-block\"><span>+33 (0) 6 35 20 11 31<\/span><\/span>\n          <\/div>\n          <\/span>\n          <div class=\"list-container-divider d-flex justify-content-lg-start justify-content-md-start justify-content-start\">\n            <!---->\n          <\/div>\n          <\/li>\n          <li class=\"list-item no-gutters\">\n            <!---->\n            <!---->\n            <a href=\"mailto:samase@orange.fr\" h-use-smooth-scroll=\"true\" class=\"item-link no-gutters\">\n              <div class=\"d-flex h-col no-gutters align-items-lg-center align-items-md-center align-items-center list-item-text-wrapper\">\n                <div class=\"d-flex\"><span class=\"h-svg-icon style-5251-icon style-local-8467-c26-icon\"><!--Icon by Ionicons (https:\/\/ionicons.com)--><svg version=\"1.1\" xmlns=\"http:\/\/www.w3.org\/2000\/svg\" xmlns:xlink=\"http:\/\/www.w3.org\/1999\/xlink\" id=\"email\" viewbox=\"0 0 416.0331 512\"><path d=\"M19 149c-4-2-11-7-13-11-3-8 1-10 12-10h382c11 0 15 2 12 10-2 4-9 9-13 11-11 6-163 89-169 92s-12 4-21 4-15-1-21-4-158-86-169-92zm389 4c9-4 8 1 8 5v205c0 9-12 21-22 21H24c-10 0-24-12-24-21V158s0-9 9-5c8 4 83 56 132 88l-83 93c-2 2-2 4-1 5s4 1 6-1l98-83c15 10 25 16 27 17 8 4 14 4 21 4s13 0 21-4c2-1 12-7 27-17l98 83c2 2 5 2 6 1s0-3-2-5l-82-93c49-32 123-84 131-88z\"><\/path><\/svg><\/span><\/div>\n                <span class=\"list-text d-block\"><span>samase@orange.fr<\/span><\/span>\n              <\/div>\n            <\/a>\n            <div class=\"list-container-divider d-flex justify-content-lg-start justify-content-md-start justify-content-start\" style=\"display: none;\">\n              <!---->\n            <\/div>\n            <div class=\"list-container-divider d-flex justify-content-lg-start justify-content-md-start justify-content-start last-el-spacer\"><\/div>\n          <\/li>\n          <\/ul>\n        <\/div>\n      <\/div>\n    <\/div>\n  <\/div>\n<\/div>\n<\/div>\n<\/div>\n<\/div>\n<div data-colibri-component=\"section\" data-colibri-id=\"8467-c27\" id=\"reusable-sections-4\" class=\"h-section h-section-global-spacing d-flex align-items-lg-center align-items-md-center align-items-center style-5252 style-local-8467-c27 position-relative\">\n  <!---->\n  <!---->\n  <div class=\"h-section-grid-container h-section-boxed-container\">\n    <!---->\n    <div data-colibri-id=\"8467-c28\" class=\"h-row-container gutters-row-lg-2 gutters-row-md-2 gutters-row-0 gutters-row-v-lg-2 gutters-row-v-md-2 gutters-row-v-2 style-5253 style-local-8467-c28 position-relative\">\n      <!---->\n      <div class=\"h-row justify-content-lg-center justify-content-md-center justify-content-center align-items-lg-stretch align-items-md-stretch align-items-stretch gutters-col-lg-2 gutters-col-md-2 gutters-col-0 gutters-col-v-lg-2 gutters-col-v-md-2 gutters-col-v-2\">\n        <!---->\n        <div class=\"h-column h-column-container d-flex h-col-lg-auto h-col-md-auto h-col-auto style-5254-outer style-local-8467-c29-outer\">\n          <div data-colibri-id=\"8467-c29\" class=\"d-flex h-flex-basis h-column__inner h-px-lg-2 h-px-md-2 h-px-2 v-inner-lg-2 v-inner-md-2 v-inner-2 style-5254 style-local-8467-c29 position-relative\">\n            <!---->\n            <!---->\n            <div class=\"w-100 h-y-container h-column__content h-column__v-align flex-basis-100 align-self-lg-start align-self-md-start align-self-start\">\n              <!---->\n              <div data-colibri-id=\"8467-c30\" class=\"h-x-container style-5255 style-local-8467-c30 position-relative h-element\">\n                <!---->\n                <div class=\"h-x-container-inner style-dynamic-8467-c30-group style-5255-spacing style-local-8467-c30-spacing\"><span class=\"h-button__outer style-5256-outer style-local-8467-c31-outer d-inline-flex h-element\"><a h-use-smooth-scroll=\"true\" href=\"https:\/\/levillagedesantiquairesdelagare-nouvelvag.com\/en\/le-rez-de-chaussee\/\"  data-colibri-id=\"8467-c31\" class=\"d-flex w-100 align-items-center h-button justify-content-lg-center justify-content-md-center justify-content-center style-5256 style-local-8467-c31 position-relative\"><!----><span  class=\"h-svg-icon h-button__icon style-5256-icon style-local-8467-c31-icon\"><!--Icon by Font Awesome (https:\/\/fontawesome.com)--><svg version=\"1.1\" xmlns=\"http:\/\/www.w3.org\/2000\/svg\" xmlns:xlink=\"http:\/\/www.w3.org\/1999\/xlink\" id=\"long-arrow-left\" viewbox=\"0 0 1792 1896.0833\"><path d=\"M1792 800v192q0 14-9 23t-23 9H512v224q0 21-19 29t-35-5L74 922q-10-10-10-23 0-14 10-24l384-354q16-14 35-6 19 9 19 29v224h1248q14 0 23 9t9 23z\"><\/path><\/svg><\/span>                  <span>Revenir \u00e0 la Halle<\/span><\/a>\n                  <\/span>\n                <\/div>\n              <\/div>\n            <\/div>\n          <\/div>\n        <\/div>\n      <\/div>\n    <\/div>\n  <\/div>\n<\/div>\n<\/div>","protected":false},"excerpt":{"rendered":"<p>Henri Santiago Mobilier toutes \u00e9poques et objets de d\u00e9coration Henri Santiago Mobilier toutes \u00e9poques Depuis plus de 35 ans, Henri Santiago fait le tour des salles de ventes pour d\u00e9nicher du mobilier rare de toutes \u00e9poques.&nbsp; Retrouvez dans sa boutique divers meubles de m\u00e9tiers, du mobilier patin\u00e9 rustique et classique, des lustres et \u00e9clairages, mais [&hellip;]<\/p>\n","protected":false},"author":1,"featured_media":8473,"parent":5442,"menu_order":0,"comment_status":"closed","ping_status":"closed","template":"page-templates\/full-width-page.php","meta":{"footnotes":""},"class_list":["post-8467","page","type-page","status-publish","has-post-thumbnail","hentry"],"_links":{"self":[{"href":"https:\/\/levillagedesantiquairesdelagare-nouvelvag.com\/en\/wp-json\/wp\/v2\/pages\/8467","targetHints":{"allow":["GET"]}}],"collection":[{"href":"https:\/\/levillagedesantiquairesdelagare-nouvelvag.com\/en\/wp-json\/wp\/v2\/pages"}],"about":[{"href":"https:\/\/levillagedesantiquairesdelagare-nouvelvag.com\/en\/wp-json\/wp\/v2\/types\/page"}],"author":[{"embeddable":true,"href":"https:\/\/levillagedesantiquairesdelagare-nouvelvag.com\/en\/wp-json\/wp\/v2\/users\/1"}],"replies":[{"embeddable":true,"href":"https:\/\/levillagedesantiquairesdelagare-nouvelvag.com\/en\/wp-json\/wp\/v2\/comments?post=8467"}],"version-history":[{"count":0,"href":"https:\/\/levillagedesantiquairesdelagare-nouvelvag.com\/en\/wp-json\/wp\/v2\/pages\/8467\/revisions"}],"up":[{"embeddable":true,"href":"https:\/\/levillagedesantiquairesdelagare-nouvelvag.com\/en\/wp-json\/wp\/v2\/pages\/5442"}],"wp:featuredmedia":[{"embeddable":true,"href":"https:\/\/levillagedesantiquairesdelagare-nouvelvag.com\/en\/wp-json\/wp\/v2\/media\/8473"}],"wp:attachment":[{"href":"https:\/\/levillagedesantiquairesdelagare-nouvelvag.com\/en\/wp-json\/wp\/v2\/media?parent=8467"}],"curies":[{"name":"wp","href":"https:\/\/api.w.org\/{rel}","templated":true}]}}