{"id":7820,"date":"2023-07-06T12:20:42","date_gmt":"2023-07-06T10:20:42","guid":{"rendered":"https:\/\/levillagedesantiquairesdelagare-nouvelvag.com\/?page_id=7820"},"modified":"2023-09-06T15:16:40","modified_gmt":"2023-09-06T13:16:40","slug":"horaires-et-acces","status":"publish","type":"page","link":"https:\/\/levillagedesantiquairesdelagare-nouvelvag.com\/en\/horaires-et-acces\/","title":{"rendered":"Horaires et Acc\u00e8s"},"content":{"rendered":"<div data-colibri-id=\"7820-c1\" class=\"style-3695 style-local-7820-c1 position-relative\">\n  <!---->\n  <div data-colibri-component=\"section\" data-colibri-id=\"7820-c2\" id=\"custom\" class=\"h-section h-section-global-spacing d-flex align-items-lg-center align-items-md-center align-items-center style-3696 style-local-7820-c2 position-relative\">\n    <!---->\n    <!---->\n    <div class=\"h-section-grid-container h-section-boxed-container\">\n      <!---->\n      <div data-colibri-id=\"7820-c3\" class=\"h-row-container gutters-row-lg-2 gutters-row-md-2 gutters-row-0 gutters-row-v-lg-2 gutters-row-v-md-2 gutters-row-v-2 style-3699 style-local-7820-c3 position-relative\">\n        <!---->\n        <div class=\"h-row justify-content-lg-center justify-content-md-center justify-content-center align-items-lg-stretch align-items-md-stretch align-items-stretch gutters-col-lg-2 gutters-col-md-2 gutters-col-0 gutters-col-v-lg-2 gutters-col-v-md-2 gutters-col-v-2\">\n          <!---->\n          <div class=\"h-column h-column-container d-flex h-col-lg-auto h-col-md-auto h-col-auto style-3700-outer style-local-7820-c4-outer\">\n            <div data-colibri-id=\"7820-c4\" class=\"d-flex h-flex-basis h-column__inner h-px-lg-2 h-px-md-2 h-px-2 v-inner-lg-2 v-inner-md-2 v-inner-2 style-3700 style-local-7820-c4 position-relative\">\n              <!---->\n              <!---->\n              <div class=\"w-100 h-y-container h-column__content h-column__v-align flex-basis-100 align-self-lg-start align-self-md-start align-self-start\">\n                <!---->\n                <div data-colibri-id=\"7820-c5\" class=\"h-global-transition-all h-heading style-3701 style-local-7820-c5 position-relative h-element\">\n                  <!---->\n                  <div class=\"h-heading__outer style-3701 style-local-7820-c5\">\n                    <!---->\n                    <!---->\n                    <h1 class=\"\">Horaires et Plan d&rsquo;Acc\u00e8s<\/h1>\n                  <\/div>\n                <\/div>\n              <\/div>\n            <\/div>\n          <\/div>\n        <\/div>\n      <\/div>\n      <div data-colibri-id=\"7820-c6\" class=\"h-row-container gutters-row-lg-2 gutters-row-md-2 gutters-row-0 gutters-row-v-lg-2 gutters-row-v-md-2 gutters-row-v-2 style-3697 style-local-7820-c6 position-relative\">\n        <!---->\n        <div class=\"h-row justify-content-lg-center justify-content-md-center justify-content-center align-items-lg-stretch align-items-md-stretch align-items-stretch gutters-col-lg-2 gutters-col-md-2 gutters-col-0 gutters-col-v-lg-2 gutters-col-v-md-2 gutters-col-v-2\">\n          <!---->\n          <div class=\"h-column h-column-container d-flex h-col-lg-auto h-col-md-auto h-col-auto style-3698-outer style-local-7820-c7-outer\">\n            <div data-colibri-id=\"7820-c7\" class=\"d-flex h-flex-basis h-column__inner h-px-lg-2 h-px-md-2 h-px-2 v-inner-lg-2 v-inner-md-2 v-inner-2 style-3698 style-local-7820-c7 position-relative\">\n              <!---->\n              <!---->\n              <div class=\"w-100 h-y-container h-column__content h-column__v-align flex-basis-100 align-self-lg-start align-self-md-start align-self-start\">\n                <!---->\n                <div data-colibri-id=\"7820-c8\" class=\"h-text h-text-component style-3702 style-local-7820-c8 position-relative h-element\">\n                  <!---->\n                  <!---->\n                  <div class=\"\">\n                    <p>LE VILLAGE EST OUVERT TOUS LES WEEK-END DE L\u2019ANNEE DU VENDREDI AU LUNDI <\/p>\n                    <p>ET LE JEUDI DU WE DE PAQUES AU WE DE LA TOUSSAINT<\/p>\n                    <p>\n                      <br>\n                    <\/p>\n                    <p>Horaires de la Toussaint \u00e0 P\u00e2ques : de 10h \u00e0 18h<\/p>\n                    <p>Horaires de P\u00e2ques \u00e0 la Toussaint : de 10h \u00e0 19h<\/p>\n                    <p>\n                      <br>\n                    <\/p>\n                    <p>Fermetures exceptionnelles : les 25 d\u00e9cembre et 1er janvier<\/p>\n                    <p>Ouvertures exceptionnelles 2023 : les jeudis 16 f\u00e9vrier et 9 novembre<\/p>\n                  <\/div>\n                <\/div>\n              <\/div>\n            <\/div>\n          <\/div>\n        <\/div>\n      <\/div>\n    <\/div>\n  <\/div>\n  <div data-colibri-component=\"section\" data-colibri-id=\"7820-c9\" id=\"reusable-sections\" class=\"h-section h-section-global-spacing d-flex align-items-lg-center align-items-md-center align-items-center style-3703 style-local-7820-c9 position-relative\">\n    <!---->\n    <!---->\n    <div class=\"h-section-grid-container h-section-boxed-container\">\n      <!---->\n      <div data-colibri-id=\"7820-c10\" class=\"h-row-container gutters-row-lg-2 gutters-row-md-2 gutters-row-0 gutters-row-v-lg-2 gutters-row-v-md-2 gutters-row-v-2 style-3704 style-local-7820-c10 position-relative\">\n        <!---->\n        <div class=\"h-row justify-content-lg-center justify-content-md-center justify-content-center align-items-lg-stretch align-items-md-stretch align-items-stretch gutters-col-lg-2 gutters-col-md-2 gutters-col-0 gutters-col-v-lg-2 gutters-col-v-md-2 gutters-col-v-2\">\n          <!---->\n          <div class=\"h-column h-column-container d-flex h-col-lg-auto h-col-md-auto h-col-auto style-3705-outer style-local-7820-c11-outer\">\n            <div data-colibri-id=\"7820-c11\" class=\"d-flex h-flex-basis h-column__inner h-px-lg-2 h-px-md-2 h-px-2 v-inner-lg-2 v-inner-md-2 v-inner-2 style-3705 style-local-7820-c11 position-relative\">\n              <!---->\n              <!---->\n              <div class=\"w-100 h-y-container h-column__content h-column__v-align flex-basis-100 align-self-lg-start align-self-md-start align-self-start\">\n                <!---->\n                <div data-colibri-id=\"7820-c12\" class=\"h-global-transition-all h-heading style-3706 style-local-7820-c12 position-relative h-element\">\n                  <!---->\n                  <div class=\"h-heading__outer style-3706 style-local-7820-c12\">\n                    <!---->\n                    <!---->\n                    <h2 class=\"\">Plan d&rsquo;acc\u00e8s<\/h2>\n                  <\/div>\n                <\/div>\n              <\/div>\n            <\/div>\n          <\/div>\n        <\/div>\n      <\/div>\n      <div data-colibri-id=\"7820-c13\" id=\"acces\" class=\"h-row-container gutters-row-lg-2 gutters-row-md-2 gutters-row-0 gutters-row-v-lg-2 gutters-row-v-md-2 gutters-row-v-2 style-3707 style-local-7820-c13 position-relative\">\n        <!---->\n        <div class=\"h-row justify-content-lg-center justify-content-md-center justify-content-center align-items-lg-stretch align-items-md-stretch align-items-stretch gutters-col-lg-2 gutters-col-md-2 gutters-col-0 gutters-col-v-lg-2 gutters-col-v-md-2 gutters-col-v-2\">\n          <!---->\n          <div class=\"h-column h-column-container d-flex h-col-lg-auto h-col-md-auto h-col-auto style-3708-outer style-local-7820-c14-outer\">\n            <div data-colibri-id=\"7820-c14\" class=\"d-flex h-flex-basis h-column__inner h-px-lg-2 h-px-md-2 h-px-2 v-inner-lg-2 v-inner-md-2 v-inner-2 style-3708 style-local-7820-c14 position-relative\">\n              <!---->\n              <!---->\n              <div class=\"w-100 h-y-container h-column__content h-column__v-align flex-basis-100 align-self-lg-start align-self-md-start align-self-start\">\n                <!---->\n                <div data-colibri-id=\"7820-c15\" class=\"d-block style-3709 style-local-7820-c15 position-relative h-element\">\n                  <!---->\n                  <div class=\"h-image__frame-container-outer\">\n                    <div class=\"h-image__frame-container\">\n                      <!---->\n                      <!---->\n                      <img decoding=\"async\" src=\"http:\/\/www.nouvelvag.com\/wp-content\/uploads\/2021\/03\/cropped-carte.jpeg\" class=\"wp-image-1654 style-3709-image style-local-7820-c15-image\" alt=\"\" \/>\n                      <div class=\"h-image__frame h-hide-lg h-hide-md h-hide-sm style-3709-frameImage style-local-7820-c15-frameImage\"><\/div>\n                    <\/div>\n                  <\/div>\n                <\/div>\n              <\/div>\n            <\/div>\n          <\/div>\n          <div class=\"h-column h-column-container d-flex h-col-lg-auto h-col-md-auto h-col-auto style-3710-outer style-local-7820-c16-outer\">\n            <div data-colibri-id=\"7820-c16\" class=\"d-flex h-flex-basis h-column__inner h-px-lg-2 h-px-md-2 h-px-2 v-inner-lg-2 v-inner-md-2 v-inner-2 style-3710 style-local-7820-c16 position-relative\">\n              <!---->\n              <!---->\n              <div class=\"w-100 h-y-container h-column__content h-column__v-align flex-basis-100 align-self-lg-center align-self-md-center align-self-center\">\n                <!---->\n                <div data-colibri-id=\"7820-c17\" class=\"h-text h-text-component style-3711 style-local-7820-c17 position-relative h-element\">\n                  <!---->\n                  <!---->\n                  <div class=\"\">\n                    <p><strong style=\"font-size: 19.84px; color: rgb(0, 0, 0); font-weight: 400; font-family: &quot;Open Sans&quot;;\">Adresse :&nbsp;<\/strong><span style=\"font-size: 16px; color: rgb(0, 0, 0); font-weight: 300; font-family: &quot;Open Sans&quot;;\"><br>2 bis avenue de l&rsquo;Egalit\u00e9<\/span>\n                      <br>84800 L&rsquo;Isle-sur-la-Sorgue<\/p>\n                    <p><strong style=\"font-size: 124%; color: rgb(0, 0, 0); font-weight: 400; font-family: &quot;Open Sans&quot;;\">Autoroutes :&nbsp;<\/strong><span style=\"font-weight: 400; color: rgb(0, 0, 0); font-family: &quot;Open Sans&quot;; font-size: 124%;\"><br><\/span>\n                      <span\n                        style=\"color: rgb(0, 0, 0); font-family: &quot;Open Sans&quot;;\">A7 direction Avignon, sortie n\u00b024 (Avignon Sud) ou n\u00b025 (Cavaillon)&nbsp;\n                        <br>A9 direction Lyon, sortie n\u00b023 (Remoulins)<\/span>\n                    <\/p>\n                    <p><strong style=\"font-size: 124%; color: rgb(0, 0, 0); font-family: &quot;Open Sans&quot;; font-weight: 400;\">Gares :<\/strong><span style=\"font-weight: 400; font-size: 124%; color: rgb(0, 0, 0); font-family: &quot;Open Sans&quot;;\"><br><\/span>\n                      <span\n                        style=\"color: rgb(0, 0, 0); font-family: &quot;Open Sans&quot;;\">L\u2019Isle Fontaine, Avignon centre : 19kms\n                        <br>Avignon TGV : 20kms\n                        <br>Gare SNCF L\u2019Isle \/Fontaine de Vaucluse (d\u00e9part TER) avenue J. Guigue<\/span>\n                    <\/p>\n                    <p><strong style=\"font-size: 124%; color: rgb(0, 0, 0); font-family: &quot;Open Sans&quot;; font-weight: 400;\">A\u00e9roports :<\/strong><span style=\"font-weight: 400; font-size: 124%; color: rgb(0, 0, 0); font-family: &quot;Open Sans&quot;;\"><br><\/span>\n                      <span\n                        style=\"color: rgb(0, 0, 0); font-family: &quot;Open Sans&quot;;\">Avignon : 15kms\n                        <br>Marseille-Provence : 70kms<\/span>\n                    <\/p>\n                  <\/div>\n                <\/div>\n              <\/div>\n            <\/div>\n          <\/div>\n        <\/div>\n      <\/div>\n    <\/div>\n  <\/div>\n  <div data-colibri-component=\"section\" data-colibri-id=\"7820-c20\" id=\"custom-2\" class=\"h-section h-section-global-spacing d-flex align-items-lg-center align-items-md-center align-items-center style-3714 style-local-7820-c20 position-relative\">\n    <!---->\n    <!---->\n    <div class=\"h-section-grid-container h-section-fluid-container\">\n      <!---->\n      <div data-colibri-id=\"7820-c21\" class=\"h-row-container gutters-row-lg-0 gutters-row-md-0 gutters-row-0 gutters-row-v-lg-0 gutters-row-v-md-0 gutters-row-v-0 style-3717 style-local-7820-c21 position-relative\">\n        <!---->\n        <div class=\"h-row justify-content-lg-center justify-content-md-center justify-content-center align-items-lg-stretch align-items-md-stretch align-items-stretch gutters-col-lg-0 gutters-col-md-0 gutters-col-0 gutters-col-v-lg-0 gutters-col-v-md-0 gutters-col-v-0\">\n          <!---->\n          <div class=\"h-column h-column-container d-flex h-col-lg-auto h-col-md-auto h-col-auto style-3718-outer style-local-7820-c22-outer\">\n            <div data-colibri-id=\"7820-c22\" class=\"d-flex h-flex-basis h-column__inner h-px-lg-0 h-px-md-0 h-px-0 v-inner-lg-0 v-inner-md-0 v-inner-0 style-3718 style-local-7820-c22 position-relative\">\n              <!---->\n              <!---->\n              <div class=\"w-100 h-y-container h-column__content h-column__v-align flex-basis-100 align-self-lg-start align-self-md-start align-self-start\">\n                <!---->\n                <div data-colibri-id=\"7820-c23\" class=\"style-3719 style-local-7820-c23 position-relative h-element\">\n                  <!---->\n                  <div class=\"\">[wpgmza id=\u00a0\u00bb1&Prime;]<\/div>\n                <\/div>\n              <\/div>\n            <\/div>\n          <\/div>\n        <\/div>\n      <\/div>\n    <\/div>\n  <\/div>\n<\/div>","protected":false},"excerpt":{"rendered":"<p>Horaires et Plan d&rsquo;Acc\u00e8s LE VILLAGE EST OUVERT TOUS LES WEEK-END DE L\u2019ANNEE DU VENDREDI AU LUNDI ET LE JEUDI DU WE DE PAQUES AU WE DE LA TOUSSAINT Horaires de la Toussaint \u00e0 P\u00e2ques : de 10h \u00e0 18h Horaires de P\u00e2ques \u00e0 la Toussaint : de 10h \u00e0 19h Fermetures exceptionnelles : les [&hellip;]<\/p>\n","protected":false},"author":1,"featured_media":0,"parent":0,"menu_order":0,"comment_status":"closed","ping_status":"closed","template":"page-templates\/full-width-page.php","meta":{"footnotes":""},"class_list":["post-7820","page","type-page","status-publish","hentry"],"_links":{"self":[{"href":"https:\/\/levillagedesantiquairesdelagare-nouvelvag.com\/en\/wp-json\/wp\/v2\/pages\/7820","targetHints":{"allow":["GET"]}}],"collection":[{"href":"https:\/\/levillagedesantiquairesdelagare-nouvelvag.com\/en\/wp-json\/wp\/v2\/pages"}],"about":[{"href":"https:\/\/levillagedesantiquairesdelagare-nouvelvag.com\/en\/wp-json\/wp\/v2\/types\/page"}],"author":[{"embeddable":true,"href":"https:\/\/levillagedesantiquairesdelagare-nouvelvag.com\/en\/wp-json\/wp\/v2\/users\/1"}],"replies":[{"embeddable":true,"href":"https:\/\/levillagedesantiquairesdelagare-nouvelvag.com\/en\/wp-json\/wp\/v2\/comments?post=7820"}],"version-history":[{"count":0,"href":"https:\/\/levillagedesantiquairesdelagare-nouvelvag.com\/en\/wp-json\/wp\/v2\/pages\/7820\/revisions"}],"wp:attachment":[{"href":"https:\/\/levillagedesantiquairesdelagare-nouvelvag.com\/en\/wp-json\/wp\/v2\/media?parent=7820"}],"curies":[{"name":"wp","href":"https:\/\/api.w.org\/{rel}","templated":true}]}}