{"id":6235,"date":"2022-06-10T11:17:55","date_gmt":"2022-06-10T09:17:55","guid":{"rendered":"https:\/\/www.nouvelvag.com\/?page_id=6235"},"modified":"2023-09-06T14:48:20","modified_gmt":"2023-09-06T12:48:20","slug":"l-instant-marchand","status":"publish","type":"page","link":"https:\/\/levillagedesantiquairesdelagare-nouvelvag.com\/en\/l-instant-marchand\/","title":{"rendered":"L&rsquo;Instant Marchand"},"content":{"rendered":"<div data-colibri-id=\"6235-c1\" class=\"style-2944 style-local-6235-c1 position-relative\">\n  <!---->\n  <div data-colibri-component=\"section\" data-colibri-id=\"6235-c2\" id=\"reusable-sections\" class=\"h-section h-section-global-spacing d-flex align-items-lg-center align-items-md-center align-items-center style-2945 style-local-6235-c2 position-relative\">\n    <!---->\n    <!---->\n    <div class=\"h-section-grid-container h-section-boxed-container\">\n      <!---->\n      <div data-colibri-id=\"6235-c3\" class=\"h-row-container gutters-row-lg-2 gutters-row-md-2 gutters-row-0 gutters-row-v-lg-2 gutters-row-v-md-2 gutters-row-v-2 style-2946 style-local-6235-c3 position-relative\">\n        <!---->\n        <div class=\"h-row justify-content-lg-center justify-content-md-center justify-content-center align-items-lg-stretch align-items-md-stretch align-items-stretch gutters-col-lg-2 gutters-col-md-2 gutters-col-0 gutters-col-v-lg-2 gutters-col-v-md-2 gutters-col-v-2\">\n          <!---->\n          <div class=\"h-column h-column-container d-flex h-col-lg-auto h-col-md-auto h-col-auto style-2947-outer style-local-6235-c4-outer\">\n            <div data-colibri-id=\"6235-c4\" class=\"d-flex h-flex-basis h-column__inner h-px-lg-2 h-px-md-2 h-px-2 v-inner-lg-2 v-inner-md-2 v-inner-2 style-2947 style-local-6235-c4 position-relative\">\n              <!---->\n              <!---->\n              <div class=\"w-100 h-y-container h-column__content h-column__v-align flex-basis-100 align-self-lg-start align-self-md-start align-self-start\">\n                <!---->\n                <div data-colibri-id=\"6235-c5\" class=\"h-global-transition-all h-heading style-2948 style-local-6235-c5 position-relative h-element\">\n                  <!---->\n                  <div class=\"h-heading__outer style-2948 style-local-6235-c5\">\n                    <!---->\n                    <!---->\n                    <h1 class=\"\">L\u2019Instant Marchand<\/h1>\n                  <\/div>\n                <\/div>\n              <\/div>\n            <\/div>\n          <\/div>\n        <\/div>\n      <\/div>\n      <div data-colibri-id=\"6235-c6\" class=\"h-row-container gutters-row-lg-1 gutters-row-md-1 gutters-row-0 gutters-row-v-lg-1 gutters-row-v-md-1 gutters-row-v-1 style-3730 style-local-6235-c6 position-relative\">\n        <!---->\n        <div class=\"h-row justify-content-lg-center justify-content-md-center justify-content-center align-items-lg-stretch align-items-md-stretch align-items-stretch gutters-col-lg-1 gutters-col-md-1 gutters-col-0 gutters-col-v-lg-1 gutters-col-v-md-1 gutters-col-v-1\">\n          <!---->\n          <div class=\"h-column h-column-container d-flex h-col-lg-auto h-col-md-auto h-col-auto style-3731-outer style-local-6235-c7-outer\">\n            <div data-colibri-id=\"6235-c7\" class=\"d-flex h-flex-basis h-column__inner h-px-lg-1 h-px-md-1 h-px-1 v-inner-lg-1 v-inner-md-1 v-inner-1 style-3731 style-local-6235-c7 position-relative\">\n              <!---->\n              <!---->\n              <div class=\"w-100 h-y-container h-column__content h-column__v-align flex-basis-100 align-self-lg-start align-self-md-start align-self-start\">\n                <!---->\n                <div data-colibri-id=\"6235-c8\" class=\"h-text h-text-component style-3732 style-local-6235-c8 position-relative h-element\">\n                  <!---->\n                  <!---->\n                  <div class=\"\">\n                    <p>Le Village des Antiquaires de la Gare est un lieu privil\u00e9gi\u00e9 o\u00f9 les n\u00e9gociants en art et fournisseurs d&rsquo;antiquit\u00e9s se rencontrent pour partager leur passion commune. D\u00e9couvrez des interviews exclusives avec ces acteurs cl\u00e9s de l&rsquo;industrie\n                      artistique et plongez dans l&rsquo;univers fascinant de leurs tr\u00e9sors d\u2019histoire.<\/p>\n                  <\/div>\n                <\/div>\n              <\/div>\n            <\/div>\n          <\/div>\n        <\/div>\n      <\/div>\n    <\/div>\n  <\/div>\n  <div data-colibri-component=\"section\" data-colibri-id=\"6235-c9\" id=\"custom\" class=\"h-section h-section-global-spacing d-flex align-items-lg-center align-items-md-center align-items-center style-2949 style-local-6235-c9 position-relative\">\n    <!---->\n    <!---->\n    <div class=\"h-section-grid-container h-section-boxed-container\">\n      <!---->\n      <div data-colibri-id=\"6235-c10\" class=\"h-row-container gutters-row-lg-2 gutters-row-md-2 gutters-row-0 gutters-row-v-lg-2 gutters-row-v-md-2 gutters-row-v-2 style-2950 style-local-6235-c10 position-relative\">\n        <!---->\n        <div class=\"h-row justify-content-lg-center justify-content-md-center justify-content-center align-items-lg-stretch align-items-md-stretch align-items-stretch gutters-col-lg-2 gutters-col-md-2 gutters-col-0 gutters-col-v-lg-2 gutters-col-v-md-2 gutters-col-v-2\">\n          <!---->\n          <div class=\"h-column h-column-container d-flex h-col-lg-auto h-col-md-auto h-col-auto style-2951-outer style-local-6235-c11-outer\">\n            <div data-colibri-id=\"6235-c11\" class=\"d-flex h-flex-basis h-column__inner h-px-lg-2 h-px-md-2 h-px-2 v-inner-lg-2 v-inner-md-2 v-inner-2 style-2951 style-local-6235-c11 position-relative\">\n              <!---->\n              <!---->\n              <div class=\"w-100 h-y-container h-column__content h-column__v-align flex-basis-100 align-self-lg-start align-self-md-start align-self-start\">\n                <!---->\n                <div data-colibri-id=\"6235-c12\" class=\"h-text h-text-component style-2985 style-local-6235-c12 position-relative h-element\">\n                  <!---->\n                  <!---->\n                  <div class=\"\">\n                    <p><span style=\"color: rgb(23, 37, 42); font-family: &quot;Open Sans&quot;; font-size: 24px; font-weight: 600;\">Pierre Peroni<\/span><\/p>\n                  <\/div>\n                <\/div>\n                <div data-colibri-component=\"video\" data-colibri-id=\"6235-c13\" class=\"d-block h-video d-block h-video style-2953 style-local-6235-c13 position-relative h-element\">\n                  <!---->\n                  <!---->\n                  <div class=\"video-container position-relative\">\n                    <div class=\"h-global-transition-all ratio-inner\"><video class='h-video-main' controls><source src=\"https:\/\/www.levillagedesantiquairesdelagare-nouvelvag.com\/wp-content\/uploads\/2022\/09\/WhatsApp-Video-2022-09-15-at-16.52.54.mp4\" type='video\/mp4' \/><\/video><\/div>\n                  <\/div>\n                <\/div>\n              <\/div>\n            <\/div>\n          <\/div>\n          <div class=\"h-column h-column-container d-flex h-col-lg-auto h-col-md-auto h-col-auto style-2951-outer style-local-6235-c15-outer\">\n            <div data-colibri-id=\"6235-c15\" class=\"d-flex h-flex-basis h-column__inner h-px-lg-2 h-px-md-2 h-px-2 v-inner-lg-2 v-inner-md-2 v-inner-2 style-2951 style-local-6235-c15 position-relative\">\n              <!---->\n              <!---->\n              <div class=\"w-100 h-y-container h-column__content h-column__v-align flex-basis-100 align-self-lg-start align-self-md-start align-self-start\">\n                <!---->\n                <div data-colibri-id=\"6235-c16\" class=\"h-text h-text-component style-2985 style-local-6235-c16 position-relative h-element\">\n                  <!---->\n                  <!---->\n                  <div class=\"\">\n                    <p><span style=\"font-weight: 600; font-size: 24px; font-family: &quot;Open Sans&quot;; color: rgb(23, 37, 42);\">Thibaud Ayasse<\/span><\/p>\n                  <\/div>\n                <\/div>\n                <div data-colibri-component=\"video\" data-colibri-id=\"6235-c17\" class=\"d-block h-video d-block h-video style-2953 style-local-6235-c17 position-relative h-element\">\n                  <!---->\n                  <!---->\n                  <div class=\"video-container position-relative\">\n                    <div class=\"h-global-transition-all ratio-inner\"><video class='h-video-main' controls><source src=\"https:\/\/www.levillagedesantiquairesdelagare-nouvelvag.com\/wp-content\/uploads\/2022\/08\/d327c980-ccf1-4baa-8d50-df7741b9b714.mp4\" type='video\/mp4' \/><\/video><\/div>\n                  <\/div>\n                <\/div>\n              <\/div>\n            <\/div>\n          <\/div>\n          <div class=\"h-column h-column-container d-flex h-col-lg-auto h-col-md-auto h-col-auto style-2951-outer style-local-6235-c19-outer\">\n            <div data-colibri-id=\"6235-c19\" class=\"d-flex h-flex-basis h-column__inner h-px-lg-2 h-px-md-2 h-px-2 v-inner-lg-2 v-inner-md-2 v-inner-2 style-2951 style-local-6235-c19 position-relative\">\n              <!---->\n              <!---->\n              <div class=\"w-100 h-y-container h-column__content h-column__v-align flex-basis-100 align-self-lg-start align-self-md-start align-self-start\">\n                <!---->\n                <div data-colibri-id=\"6235-c20\" class=\"h-text h-text-component style-2985 style-local-6235-c20 position-relative h-element\">\n                  <!---->\n                  <!---->\n                  <div class=\"\">\n                    <p><span style=\"font-weight: 600; font-size: 24px; font-family: &quot;Open Sans&quot;; color: rgb(23, 37, 42);\">R\u00e9gis Perello<\/span><\/p>\n                  <\/div>\n                <\/div>\n                <div data-colibri-component=\"video\" data-colibri-id=\"6235-c21\" class=\"d-block h-video d-block h-video style-2953 style-local-6235-c21 position-relative h-element\">\n                  <!---->\n                  <!---->\n                  <div class=\"video-container position-relative\">\n                    <div class=\"h-global-transition-all ratio-inner\"><video class='h-video-main' controls><source src=\"https:\/\/www.nouvelvag.com\/wp-content\/uploads\/2022\/06\/435398ce-3118-4ba0-860d-caa55f7482e4.mp4\" type='video\/mp4' \/><\/video><\/div>\n                  <\/div>\n                <\/div>\n              <\/div>\n            <\/div>\n          <\/div>\n          <div class=\"h-column h-column-container d-flex h-col-lg-auto h-col-md-auto h-col-auto style-2952-outer style-local-6235-c23-outer\">\n            <div data-colibri-id=\"6235-c23\" class=\"d-flex h-flex-basis h-column__inner h-px-lg-2 h-px-md-2 h-px-2 v-inner-lg-2 v-inner-md-2 v-inner-2 style-2952 style-local-6235-c23 position-relative\">\n              <!---->\n              <!---->\n              <div class=\"w-100 h-y-container h-column__content h-column__v-align flex-basis-100 align-self-lg-start align-self-md-start align-self-start\">\n                <!---->\n                <div data-colibri-id=\"6235-c24\" class=\"h-text h-text-component style-2986 style-local-6235-c24 position-relative h-element\">\n                  <!---->\n                  <!---->\n                  <div class=\"\">\n                    <p><span style=\"font-weight: 600; font-size: 24px; font-family: &quot;Open Sans&quot;; color: rgb(23, 37, 42);\">Ren\u00e9 Matrone<\/span><\/p>\n                  <\/div>\n                <\/div>\n                <div data-colibri-component=\"video\" data-colibri-id=\"6235-c25\" class=\"d-block h-video d-block h-video style-2955 style-local-6235-c25 position-relative h-element\">\n                  <!---->\n                  <!---->\n                  <div class=\"video-container position-relative\">\n                    <div class=\"h-global-transition-all ratio-inner\"><video class='h-video-main' controls><source src=\"https:\/\/www.nouvelvag.com\/wp-content\/uploads\/2022\/06\/a3c4f32b-9e71-4815-bad9-2961bfb7de84.mp4\" type='video\/mp4' \/><\/video><\/div>\n                  <\/div>\n                <\/div>\n              <\/div>\n            <\/div>\n          <\/div>\n        <\/div>\n      <\/div>\n    <\/div>\n  <\/div>\n  <div data-colibri-component=\"section\" data-colibri-id=\"6235-c27\" id=\"custom-2\" class=\"h-section h-section-global-spacing d-flex align-items-lg-center align-items-md-center align-items-center style-3733 style-local-6235-c27 position-relative\">\n    <!---->\n    <!---->\n    <div class=\"h-section-grid-container h-section-boxed-container\">\n      <!---->\n      <div data-colibri-id=\"6235-c28\" class=\"h-row-container gutters-row-lg-3 gutters-row-md-3 gutters-row-0 gutters-row-v-lg-3 gutters-row-v-md-3 gutters-row-v-3 style-3734 style-local-6235-c28 position-relative\">\n        <!---->\n        <div class=\"h-row justify-content-lg-center justify-content-md-center justify-content-center align-items-lg-stretch align-items-md-stretch align-items-stretch gutters-col-lg-3 gutters-col-md-3 gutters-col-0 gutters-col-v-lg-3 gutters-col-v-md-3 gutters-col-v-3\">\n          <!---->\n          <div class=\"h-column h-column-container d-flex h-col-lg-auto h-col-md-auto h-col-auto style-3735-outer style-local-6235-c29-outer\">\n            <div data-colibri-id=\"6235-c29\" class=\"d-flex h-flex-basis h-column__inner h-px-lg-2 h-px-md-2 h-px-2 v-inner-lg-2 v-inner-md-2 v-inner-2 style-3735 style-local-6235-c29 position-relative\">\n              <!---->\n              <!---->\n              <div class=\"w-100 h-y-container h-column__content h-column__v-align flex-basis-100 align-self-lg-start align-self-md-start align-self-start\">\n                <!---->\n                <div data-colibri-id=\"6235-c30\" class=\"h-global-transition-all h-heading style-3738 style-local-6235-c30 position-relative h-element\">\n                  <!---->\n                  <div class=\"h-heading__outer style-3738 style-local-6235-c30\">\n                    <!---->\n                    <!---->\n                    <h2 class=\"\">Une expertise approfondie du monde des antiquit\u00e9s<\/h2>\n                  <\/div>\n                <\/div>\n                <div data-colibri-id=\"6235-c31\" class=\"h-text h-text-component style-3741 style-local-6235-c31 position-relative h-element\">\n                  <!---->\n                  <!---->\n                  <div class=\"\">\n                    <p>Nos interviews vous permettront d&rsquo;explorer les coulisses du Village et de rencontrer les marchands d&rsquo;art qui font vivre ce lieu unique. Pour les connaisseurs chevronn\u00e9s ou passionn\u00e9s par la beaut\u00e9 intemporelle des \u0153uvres d&rsquo;art, venez\n                      partager vos expertises et votre sens aiguis\u00e9 de l&rsquo;esth\u00e9tique.<\/p>\n                    <p>La connaissance approfondie des \u00e9poques et des styles permet \u00e0 nos experts en antiquit\u00e9 de garantir l&rsquo;authenticit\u00e9 et la valeur des pi\u00e8ces qu&rsquo;ils proposent. <\/p>\n                  <\/div>\n                <\/div>\n                <div data-colibri-id=\"6235-c32\" class=\"h-global-transition-all h-heading style-3742 style-local-6235-c32 position-relative h-element\">\n                  <!---->\n                  <div class=\"h-heading__outer style-3742 style-local-6235-c32\">\n                    <!---->\n                    <!---->\n                    <h2 class=\"\">Une s\u00e9lection vari\u00e9e d\u2019antiquit\u00e9s d\u2019exception<\/h2>\n                  <\/div>\n                <\/div>\n                <div data-colibri-id=\"6235-c33\" class=\"h-text h-text-component style-3743 style-local-6235-c33 position-relative h-element\">\n                  <!---->\n                  <!---->\n                  <div class=\"\">\n                    <p>Du mobilier \u00e0 la d\u00e9coration int\u00e9rieure, en passant par la mode ou l\u2019art d\u00e9coratif, nous sommes fiers de proposer une large vari\u00e9t\u00e9 d\u2019objets d\u2019exception de nombreux styles, \u00e9poques et provenances.<\/p>\n                    <p>Chin\u00e9es sur un coup de c\u0153ur ou minutieusement s\u00e9lectionn\u00e9es, les antiquit\u00e9s propos\u00e9es par nos marchands sont toutes uniques \u00e0 leur mani\u00e8re. Pour certaines charg\u00e9es d\u2019histoire, pour d\u2019autres d\u2019un rare esth\u00e9tisme, chacune a m\u00e9rit\u00e9 sa\n                      place au sein du haut lieu qu\u2019est le Village des Antiquaires. <\/p>\n                    <p>A l\u2019Isle-sur-la-Sorgue, ville de r\u00e9f\u00e9rence des antiquaires en France, le choix de l\u2019objet est un art en soi que nos marchands ma\u00eetrisent, pour vous proposer les plus belles pi\u00e8ces qui raviront \u00e0 coup s\u00fbr le coup de vos propres clients.<\/p>\n                  <\/div>\n                <\/div>\n                <div data-colibri-id=\"6235-c34\" class=\"h-global-transition-all h-heading style-3744 style-local-6235-c34 position-relative h-element\">\n                  <!---->\n                  <div class=\"h-heading__outer style-3744 style-local-6235-c34\">\n                    <!---->\n                    <!---->\n                    <h2 class=\"\">Des n\u00e9gociants fiables pour un r\u00e9seau de confiance <\/h2>\n                  <\/div>\n                <\/div>\n                <div data-colibri-id=\"6235-c35\" class=\"h-text h-text-component style-3745 style-local-6235-c35 position-relative h-element\">\n                  <!---->\n                  <!---->\n                  <div class=\"\">\n                    <p>Pour certains pr\u00e9sents depuis plus de 20 ans, nos marchands ont contribu\u00e9 \u00e0 la renomm\u00e9e du Village pour la qualit\u00e9 de ses services, de son cadre, et de ses collections. C\u2019est pourquoi la confiance et la transparence sont des valeurs\n                      cl\u00e9s dans notre vision des \u00e9changes professionnels.<\/p>\n                    <p>Parce que professionnalisme et convivialit\u00e9 peuvent \u00eatre compl\u00e9mentaires, notre r\u00e9seau de confiance sur le march\u00e9 de l\u2019antiquit\u00e9 vous garantit \u00e9coute, conseil et r\u00e9ponse adapt\u00e9e \u00e0 votre besoin.<\/p>\n                  <\/div>\n                <\/div>\n              <\/div>\n            <\/div>\n          <\/div>\n        <\/div>\n      <\/div>\n      <div data-colibri-id=\"6235-c36\" class=\"h-row-container gutters-row-lg-2 gutters-row-md-2 gutters-row-0 gutters-row-v-lg-2 gutters-row-v-md-2 gutters-row-v-2 style-3814 style-local-6235-c36 position-relative\">\n        <!---->\n        <div class=\"h-row justify-content-lg-center justify-content-md-center justify-content-center align-items-lg-stretch align-items-md-stretch align-items-stretch gutters-col-lg-2 gutters-col-md-2 gutters-col-0 gutters-col-v-lg-2 gutters-col-v-md-2 gutters-col-v-2\">\n          <!---->\n          <div class=\"h-column h-column-container d-flex h-col-lg-auto h-col-md-auto h-col-auto style-3815-outer style-local-6235-c37-outer\">\n            <div data-colibri-id=\"6235-c37\" class=\"d-flex h-flex-basis h-column__inner h-px-lg-2 h-px-md-2 h-px-2 v-inner-lg-2 v-inner-md-2 v-inner-2 style-3815 style-local-6235-c37 position-relative\">\n              <!---->\n              <!---->\n              <div class=\"w-100 h-y-container h-column__content h-column__v-align flex-basis-100 align-self-lg-start align-self-md-start align-self-start\">\n                <!---->\n                <div data-colibri-id=\"6235-c38\" class=\"h-x-container style-3816 style-local-6235-c38 position-relative h-element\">\n                  <!---->\n                  <div class=\"h-x-container-inner style-dynamic-6235-c38-group style-3816-spacing style-local-6235-c38-spacing\"><span class=\"h-button__outer style-3817-outer style-local-6235-c39-outer d-inline-flex h-element\"><a h-use-smooth-scroll=\"true\" href=\"\"  data-colibri-id=\"6235-c39\" class=\"d-flex w-100 align-items-center h-button justify-content-lg-center justify-content-md-center justify-content-center style-3817 style-local-6235-c39 position-relative\"><!----><!----> <span>\u00e9crivez-nous<\/span><\/a>\n                    <\/span>\n                  <\/div>\n                <\/div>\n              <\/div>\n            <\/div>\n          <\/div>\n        <\/div>\n      <\/div>\n    <\/div>\n  <\/div>\n<\/div>","protected":false},"excerpt":{"rendered":"<p>L\u2019Instant Marchand Le Village des Antiquaires de la Gare est un lieu privil\u00e9gi\u00e9 o\u00f9 les n\u00e9gociants en art et fournisseurs d&rsquo;antiquit\u00e9s se rencontrent pour partager leur passion commune. D\u00e9couvrez des interviews exclusives avec ces acteurs cl\u00e9s de l&rsquo;industrie artistique et plongez dans l&rsquo;univers fascinant de leurs tr\u00e9sors d\u2019histoire. Pierre Peroni Thibaud Ayasse R\u00e9gis Perello Ren\u00e9 [&hellip;]<\/p>\n","protected":false},"author":1,"featured_media":0,"parent":0,"menu_order":0,"comment_status":"closed","ping_status":"closed","template":"page-templates\/full-width-page.php","meta":{"footnotes":""},"class_list":["post-6235","page","type-page","status-publish","hentry"],"_links":{"self":[{"href":"https:\/\/levillagedesantiquairesdelagare-nouvelvag.com\/en\/wp-json\/wp\/v2\/pages\/6235","targetHints":{"allow":["GET"]}}],"collection":[{"href":"https:\/\/levillagedesantiquairesdelagare-nouvelvag.com\/en\/wp-json\/wp\/v2\/pages"}],"about":[{"href":"https:\/\/levillagedesantiquairesdelagare-nouvelvag.com\/en\/wp-json\/wp\/v2\/types\/page"}],"author":[{"embeddable":true,"href":"https:\/\/levillagedesantiquairesdelagare-nouvelvag.com\/en\/wp-json\/wp\/v2\/users\/1"}],"replies":[{"embeddable":true,"href":"https:\/\/levillagedesantiquairesdelagare-nouvelvag.com\/en\/wp-json\/wp\/v2\/comments?post=6235"}],"version-history":[{"count":0,"href":"https:\/\/levillagedesantiquairesdelagare-nouvelvag.com\/en\/wp-json\/wp\/v2\/pages\/6235\/revisions"}],"wp:attachment":[{"href":"https:\/\/levillagedesantiquairesdelagare-nouvelvag.com\/en\/wp-json\/wp\/v2\/media?parent=6235"}],"curies":[{"name":"wp","href":"https:\/\/api.w.org\/{rel}","templated":true}]}}