{"id":4765,"date":"2022-05-12T17:01:35","date_gmt":"2022-05-12T15:01:35","guid":{"rendered":"https:\/\/www.nouvelvag.com\/?page_id=4765"},"modified":"2023-10-24T15:55:34","modified_gmt":"2023-10-24T13:55:34","slug":"privatiser","status":"publish","type":"page","link":"https:\/\/levillagedesantiquairesdelagare-nouvelvag.com\/en\/privatiser\/","title":{"rendered":"Private Events"},"content":{"rendered":"<div data-colibri-id=\"4765-c1\" class=\"style-2634 style-local-4765-c1 position-relative\">\n  <!---->\n  <div data-colibri-component=\"section\" data-colibri-id=\"4765-c2\" id=\"reusable-sections\" class=\"h-section h-section-global-spacing d-flex align-items-lg-center align-items-md-center align-items-center style-2635 style-local-4765-c2 position-relative\">\n    <!---->\n    <!---->\n    <div class=\"h-section-grid-container h-section-boxed-container\">\n      <!---->\n      <div data-colibri-id=\"4765-c3\" class=\"h-row-container gutters-row-lg-1 gutters-row-md-1 gutters-row-0 gutters-row-v-lg-1 gutters-row-v-md-1 gutters-row-v-1 style-2636 style-local-4765-c3 position-relative\">\n        <!---->\n        <div class=\"h-row justify-content-lg-center justify-content-md-center justify-content-center align-items-lg-stretch align-items-md-stretch align-items-stretch gutters-col-lg-1 gutters-col-md-1 gutters-col-0 gutters-col-v-lg-1 gutters-col-v-md-1 gutters-col-v-1\">\n          <!---->\n          <div class=\"h-column h-column-container d-flex h-col-lg-auto h-col-md-auto h-col-auto style-2637-outer style-local-4765-c4-outer\">\n            <div data-colibri-id=\"4765-c4\" class=\"d-flex h-flex-basis h-column__inner h-px-lg-1 h-px-md-1 h-px-1 v-inner-lg-1 v-inner-md-1 v-inner-1 style-2637 style-local-4765-c4 position-relative\">\n              <!---->\n              <!---->\n              <div class=\"w-100 h-y-container h-column__content h-column__v-align flex-basis-100 align-self-lg-start align-self-md-start align-self-start\">\n                <!---->\n                <div data-colibri-id=\"4765-c5\" class=\"h-global-transition-all h-heading style-2638 style-local-4765-c5 position-relative h-element\">\n                  <!---->\n                  <div class=\"h-heading__outer style-2638 style-local-4765-c5\">\n                    <!---->\n                    <!---->\n                    <h1 class=\"\">Privatiser le lieu<\/h1>\n                  <\/div>\n                <\/div>\n              <\/div>\n            <\/div>\n          <\/div>\n        <\/div>\n      <\/div>\n      <div data-colibri-id=\"4765-c6\" class=\"h-row-container gutters-row-lg-1 gutters-row-md-1 gutters-row-0 gutters-row-v-lg-1 gutters-row-v-md-1 gutters-row-v-1 style-6353 style-local-4765-c6 position-relative\">\n        <!---->\n        <div class=\"h-row justify-content-lg-center justify-content-md-center justify-content-center align-items-lg-stretch align-items-md-stretch align-items-stretch gutters-col-lg-1 gutters-col-md-1 gutters-col-0 gutters-col-v-lg-1 gutters-col-v-md-1 gutters-col-v-1\">\n          <!---->\n          <div class=\"h-column h-column-container d-flex h-col-lg-auto h-col-md-auto h-col-auto style-6354-outer style-local-4765-c7-outer\">\n            <div data-colibri-id=\"4765-c7\" class=\"d-flex h-flex-basis h-column__inner h-px-lg-1 h-px-md-1 h-px-1 v-inner-lg-1 v-inner-md-1 v-inner-1 style-6354 style-local-4765-c7 position-relative\">\n              <!---->\n              <!---->\n              <div class=\"w-100 h-y-container h-column__content h-column__v-align flex-basis-100 align-self-lg-start align-self-md-start align-self-start\">\n                <!---->\n                <div data-colibri-id=\"4765-c8\" class=\"h-divider style-6350 style-local-4765-c8 position-relative h-element\">\n                  <!----><span class=\"h-divider__line style-6350-line style-local-4765-c8-line style-6350-line style-local-4765-c8-line\"><\/span><\/div>\n              <\/div>\n            <\/div>\n          <\/div>\n        <\/div>\n      <\/div>\n    <\/div>\n  <\/div>\n  <div data-colibri-component=\"section\" data-colibri-id=\"4765-c9\" id=\"about\" class=\"h-section h-section-global-spacing d-flex align-items-lg-center align-items-md-center align-items-center style-2639 style-local-4765-c9 position-relative\">\n    <!---->\n    <!---->\n    <div class=\"h-section-grid-container h-section-boxed-container\">\n      <!---->\n      <div data-colibri-id=\"4765-c10\" class=\"h-row-container gutters-row-lg-0 gutters-row-md-0 gutters-row-0 gutters-row-v-lg-0 gutters-row-v-md-0 gutters-row-v-0 style-2640 style-local-4765-c10 position-relative\">\n        <!---->\n        <div class=\"h-row justify-content-lg-center justify-content-md-center justify-content-center align-items-lg-stretch align-items-md-stretch align-items-stretch gutters-col-lg-0 gutters-col-md-0 gutters-col-0 gutters-col-v-lg-0 gutters-col-v-md-0 gutters-col-v-0\">\n          <!---->\n          <div class=\"h-column h-column-container d-flex h-col-lg-auto h-col-md-auto h-col-auto style-2641-outer style-local-4765-c11-outer\">\n            <div data-colibri-id=\"4765-c11\" class=\"d-flex h-flex-basis h-column__inner h-px-lg-0 h-px-md-0 h-px-0 v-inner-lg-0 v-inner-md-0 v-inner-0 style-2641 style-local-4765-c11 position-relative\">\n              <!---->\n              <!---->\n              <div class=\"w-100 h-y-container h-column__content h-column__v-align flex-basis-100 align-self-lg-start align-self-md-start align-self-start\">\n                <!---->\n                <div data-colibri-id=\"4765-c12\" class=\"h-global-transition-all h-heading style-2643 style-local-4765-c12 position-relative h-element\">\n                  <!---->\n                  <div class=\"h-heading__outer style-2643 style-local-4765-c12\">\n                    <!---->\n                    <!---->\n                    <h3 class=\"\"><span style=\"font-weight: 600;\">LES ESPACES EXT\u00c9RIEURS<\/span><\/h3>\n                  <\/div>\n                <\/div>\n                <div data-colibri-id=\"4765-c13\" class=\"h-text h-text-component style-2644 style-local-4765-c13 position-relative h-element\">\n                  <!---->\n                  <!---->\n                  <div class=\"\">\n                    <p><span style=\"font-weight: 300; font-size: 16px; font-family: &quot;Open Sans&quot;; color: rgb(23, 37, 42);\">Un espace de pr\u00e8s de&nbsp;<\/span><span style=\"font-weight: 400; font-size: 16px; font-family: &quot;Open Sans&quot;; color: rgb(23, 37, 42);\">500m2<\/span>\n                      <span\n                        style=\"font-weight: 300; font-size: 16px; font-family: &quot;Open Sans&quot;; color: rgb(23, 37, 42);\">&nbsp;, situ\u00e9 au carrefour des plus anciennes boutiques du Village des Antiquaires de la Gare, enti\u00e8rement&nbsp;<\/span><span style=\"font-weight: 400; font-size: 16px; font-family: &quot;Open Sans&quot;; color: rgb(23, 37, 42);\">disponible \u00e0 la privatisation<\/span>\n                        <span\n                          style=\"font-weight: 300; font-size: 16px; font-family: &quot;Open Sans&quot;; color: rgb(23, 37, 42);\">&nbsp;&nbsp;pour vos soir\u00e9es d\u2019entreprise. Cocktail, s\u00e9minaire, conf\u00e9rence, r\u00e9union \u2026&nbsp;<\/span><span style=\"font-weight: 400; font-size: 16px; font-family: &quot;Open Sans&quot;; color: rgb(23, 37, 42);\">De nombreuses configurations peuvent \u00eatre imagin\u00e9es selon vos besoins.<\/span><\/p>\n                  <\/div>\n                <\/div>\n                <div data-colibri-id=\"4765-c14\" class=\"h-x-container style-2654 style-local-4765-c14 position-relative h-element\">\n                  <!---->\n                  <div class=\"h-x-container-inner style-dynamic-4765-c14-group style-2654-spacing style-local-4765-c14-spacing\"><span class=\"h-button__outer style-2655-outer style-local-4765-c15-outer d-inline-flex h-element\"><a h-use-smooth-scroll=\"true\" href=\"https:\/\/www.nouvelvag.com\/contact\/\"  data-colibri-id=\"4765-c15\" class=\"d-flex w-100 align-items-center h-button justify-content-lg-center justify-content-md-center justify-content-center style-2655 style-local-4765-c15 position-relative\"><!----><!----> <span>\u00e9crivez-nous<\/span><\/a>\n                    <\/span>\n                  <\/div>\n                <\/div>\n              <\/div>\n            <\/div>\n          <\/div>\n          <div class=\"h-column h-column-container d-flex h-col-lg-auto h-col-md-auto h-col-auto style-2645-outer style-local-4765-c16-outer\">\n            <div data-colibri-id=\"4765-c16\" class=\"d-flex h-flex-basis h-column__inner h-ui-empty-state-container h-px-lg-2 h-px-md-2 h-px-2 v-inner-lg-2 v-inner-md-2 v-inner-2 style-2645 style-local-4765-c16 position-relative\">\n              <!---->\n              <!---->\n              <div class=\"w-100 h-y-container h-column__content h-column__v-align flex-basis-100\">\n                <!---->\n              <\/div>\n            <\/div>\n          <\/div>\n        <\/div>\n      <\/div>\n    <\/div>\n  <\/div>\n  <div data-colibri-component=\"section\" data-colibri-id=\"4765-c17\" id=\"photo-gallery\" class=\"h-section h-section-global-spacing d-flex align-items-lg-center align-items-md-center align-items-center style-2646 style-local-4765-c17 position-relative\">\n    <!---->\n    <!---->\n    <div class=\"h-section-grid-container h-section-boxed-container\">\n      <div data-colibri-id=\"4765-c21\" class=\"h-row-container gutters-row-lg-2 gutters-row-md-2 gutters-row-2 gutters-row-v-lg-2 gutters-row-v-md-2 gutters-row-v-2 style-2650 style-local-4765-c21 position-relative\">\n        <!---->\n        <div class=\"h-row justify-content-lg-center justify-content-md-center justify-content-center align-items-lg-stretch align-items-md-stretch align-items-stretch gutters-col-lg-2 gutters-col-md-2 gutters-col-2 gutters-col-v-lg-2 gutters-col-v-md-2 gutters-col-v-2\">\n          <!---->\n          <div class=\"h-column h-column-container d-flex h-col-lg-auto h-col-md-auto h-col-auto style-2651-outer style-local-4765-c22-outer\">\n            <div data-colibri-id=\"4765-c22\" class=\"d-flex h-flex-basis h-column__inner h-px-lg-2 h-px-md-2 h-px-2 v-inner-lg-2 v-inner-md-2 v-inner-2 style-2651 style-local-4765-c22 position-relative\">\n              <!---->\n              <!---->\n              <div class=\"w-100 h-y-container h-column__content h-column__v-align flex-basis-100 align-self-lg-start align-self-md-start align-self-start\">\n                <!---->\n                <div data-colibri-id=\"4765-c23\" class=\"h-global-transition-all h-heading style-2652 style-local-4765-c23 position-relative h-element\">\n                  <!---->\n                  <div class=\"h-heading__outer style-2652 style-local-4765-c23\">\n                    <!---->\n                    <!---->\n                    <h2 class=\"\">Les configurations<\/h2>\n                  <\/div>\n                <\/div>\n              <\/div>\n            <\/div>\n          <\/div>\n        <\/div>\n      <\/div>\n      <div data-colibri-id=\"4765-c18\" class=\"h-row-container gutters-row-lg-1 gutters-row-md-1 gutters-row-2 gutters-row-v-lg-1 gutters-row-v-md-1 gutters-row-v-2 style-2647 style-local-4765-c18 position-relative\">\n        <!---->\n        <div class=\"h-row justify-content-lg-center justify-content-md-center justify-content-center align-items-lg-stretch align-items-md-stretch align-items-stretch gutters-col-lg-1 gutters-col-md-1 gutters-col-2 gutters-col-v-lg-1 gutters-col-v-md-1 gutters-col-v-2\">\n          <!---->\n          <div class=\"h-column h-column-container d-flex h-col-lg-auto h-col-md-auto h-col-auto style-2648-outer style-local-4765-c19-outer\">\n            <div data-colibri-id=\"4765-c19\" class=\"d-flex h-flex-basis h-column__inner h-px-lg-1 h-px-md-1 h-px-2 v-inner-lg-1 v-inner-md-1 v-inner-2 style-2648 style-local-4765-c19 position-relative\">\n              <!---->\n              <!---->\n              <div class=\"w-100 h-y-container h-column__content h-column__v-align flex-basis-100 align-self-lg-start align-self-md-start align-self-start\">\n                <!---->\n                <div data-colibri-component=\"\" data-colibri-id=\"4765-c20\" class=\"h-photo-gallery margin-none caption-displayTrue caption-vertical-align-top style-2649 style-local-4765-c20 h-overflow-hidden position-relative h-element\">\n                  <!---->\n                  <div class=\"h-global-transition-all\"><div id='colibri-4765-c20' class='gallery-wrapper'>    <style type=\"text\/css\">\n\n        @media (min-width: 1023px) {        #colibri-4765-c20        dl {\n            float: left;\n            width: 33.333333333333% !important;\n            max-width: 33.333333333333% !important;\n            min-width: 33.333333333333% !important;\n        }\n\n        #colibri-4765-c20        dl:nth-of-type(3n +1 ) {\n            clear: both;\n        }\n\n        }@media (min-width: 768px) and (max-width: 1023px) {        #colibri-4765-c20        dl {\n            float: left;\n            width: 33.333333333333% !important;\n            max-width: 33.333333333333% !important;\n            min-width: 33.333333333333% !important;\n        }\n\n        #colibri-4765-c20        dl:nth-of-type(3n +1 ) {\n            clear: both;\n        }\n\n        }@media (max-width: 767px) {        #colibri-4765-c20        dl {\n            float: left;\n            width: 50% !important;\n            max-width: 50% !important;\n            min-width: 50% !important;\n        }\n\n        #colibri-4765-c20        dl:nth-of-type(2n +1 ) {\n            clear: both;\n        }\n\n        }\n        #colibri-4765-c20        .gallery-item {\n            position: relative;\n        }\n\n        \n    <\/style>\n    <div   class='colibri-4765-c20-dls-wrapper gallery-items-wrapper' ><dl class='gallery-item masonry-item'>\n\t\t\t<dt class='gallery-icon landscape'>\n\t\t\t\t<a data-fancybox=\"colibri-4765-c20-group\" href='https:\/\/levillagedesantiquairesdelagare-nouvelvag.com\/wp-content\/uploads\/2022\/05\/EXTERIEUR-Vierge.jpeg'><img loading=\"lazy\" decoding=\"async\"  width=\"300\" height=\"212\" src=\"https:\/\/levillagedesantiquairesdelagare-nouvelvag.com\/wp-content\/uploads\/2022\/05\/EXTERIEUR-Vierge-300x212.jpeg\"  class='colibri-4765-c20-image' alt=\"\" aria-describedby=\"gallery-1-4699\" srcset=\"https:\/\/levillagedesantiquairesdelagare-nouvelvag.com\/wp-content\/uploads\/2022\/05\/EXTERIEUR-Vierge-300x212.jpeg 300w, https:\/\/levillagedesantiquairesdelagare-nouvelvag.com\/wp-content\/uploads\/2022\/05\/EXTERIEUR-Vierge-1024x723.jpeg 1024w, https:\/\/levillagedesantiquairesdelagare-nouvelvag.com\/wp-content\/uploads\/2022\/05\/EXTERIEUR-Vierge-768x543.jpeg 768w, https:\/\/levillagedesantiquairesdelagare-nouvelvag.com\/wp-content\/uploads\/2022\/05\/EXTERIEUR-Vierge-1536x1085.jpeg 1536w, https:\/\/levillagedesantiquairesdelagare-nouvelvag.com\/wp-content\/uploads\/2022\/05\/EXTERIEUR-Vierge.jpeg 1683w\" sizes=\"auto, (max-width: 300px) 100vw, 300px\" \/><\/a>\n\t\t\t<\/dt>\n\t\t\t\t<div class=\"gallery-caption__wrapper\"><dd class='wp-caption-text gallery-caption' id='gallery-1-4699'>\n\t\t\t\tConfiguration Vierge\n\t\t\t\t<\/dd><\/div><\/dl><dl class='gallery-item masonry-item'>\n\t\t\t<dt class='gallery-icon landscape'>\n\t\t\t\t<a data-fancybox=\"colibri-4765-c20-group\" href='https:\/\/levillagedesantiquairesdelagare-nouvelvag.com\/wp-content\/uploads\/2022\/05\/EXTERIEUR-Confe\u0301rence.jpeg'><img loading=\"lazy\" decoding=\"async\"  width=\"300\" height=\"212\" src=\"https:\/\/levillagedesantiquairesdelagare-nouvelvag.com\/wp-content\/uploads\/2022\/05\/EXTERIEUR-Confe\u0301rence-300x212.jpeg\"  class='colibri-4765-c20-image' alt=\"\" aria-describedby=\"gallery-1-4698\" srcset=\"https:\/\/levillagedesantiquairesdelagare-nouvelvag.com\/wp-content\/uploads\/2022\/05\/EXTERIEUR-Confe\u0301rence-300x212.jpeg 300w, https:\/\/levillagedesantiquairesdelagare-nouvelvag.com\/wp-content\/uploads\/2022\/05\/EXTERIEUR-Confe\u0301rence-1024x723.jpeg 1024w, https:\/\/levillagedesantiquairesdelagare-nouvelvag.com\/wp-content\/uploads\/2022\/05\/EXTERIEUR-Confe\u0301rence-768x543.jpeg 768w, https:\/\/levillagedesantiquairesdelagare-nouvelvag.com\/wp-content\/uploads\/2022\/05\/EXTERIEUR-Confe\u0301rence-1536x1085.jpeg 1536w, https:\/\/levillagedesantiquairesdelagare-nouvelvag.com\/wp-content\/uploads\/2022\/05\/EXTERIEUR-Confe\u0301rence.jpeg 1683w\" sizes=\"auto, (max-width: 300px) 100vw, 300px\" \/><\/a>\n\t\t\t<\/dt>\n\t\t\t\t<div class=\"gallery-caption__wrapper\"><dd class='wp-caption-text gallery-caption' id='gallery-1-4698'>\n\t\t\t\tConfiguration Conf\u00e9rence \u2013 40 personnes Place du Village\n\t\t\t\t<\/dd><\/div><\/dl><dl class='gallery-item masonry-item'>\n\t\t\t<dt class='gallery-icon landscape'>\n\t\t\t\t<a data-fancybox=\"colibri-4765-c20-group\" href='https:\/\/levillagedesantiquairesdelagare-nouvelvag.com\/wp-content\/uploads\/2022\/05\/EXTERIEUR-Cocktail.jpeg'><img loading=\"lazy\" decoding=\"async\"  width=\"300\" height=\"212\" src=\"https:\/\/levillagedesantiquairesdelagare-nouvelvag.com\/wp-content\/uploads\/2022\/05\/EXTERIEUR-Cocktail-300x212.jpeg\"  class='colibri-4765-c20-image' alt=\"\" aria-describedby=\"gallery-1-4697\" srcset=\"https:\/\/levillagedesantiquairesdelagare-nouvelvag.com\/wp-content\/uploads\/2022\/05\/EXTERIEUR-Cocktail-300x212.jpeg 300w, https:\/\/levillagedesantiquairesdelagare-nouvelvag.com\/wp-content\/uploads\/2022\/05\/EXTERIEUR-Cocktail-1024x723.jpeg 1024w, https:\/\/levillagedesantiquairesdelagare-nouvelvag.com\/wp-content\/uploads\/2022\/05\/EXTERIEUR-Cocktail-768x543.jpeg 768w, https:\/\/levillagedesantiquairesdelagare-nouvelvag.com\/wp-content\/uploads\/2022\/05\/EXTERIEUR-Cocktail-1536x1085.jpeg 1536w, https:\/\/levillagedesantiquairesdelagare-nouvelvag.com\/wp-content\/uploads\/2022\/05\/EXTERIEUR-Cocktail.jpeg 1683w\" sizes=\"auto, (max-width: 300px) 100vw, 300px\" \/><\/a>\n\t\t\t<\/dt>\n\t\t\t\t<div class=\"gallery-caption__wrapper\"><dd class='wp-caption-text gallery-caption' id='gallery-1-4697'>\n\t\t\t\tConfiguration Cocktail debout \u2013 150 personnes Place du Village\n\t\t\t\t<\/dd><\/div><\/dl>\n\t\t\t\n\t\t<\/div>\n<style>#colibri-4765-c20 .wp-caption-text.gallery-caption{display:none;}<\/style><\/div><\/div>\n                <\/div>\n              <\/div>\n            <\/div>\n          <\/div>\n        <\/div>\n      <\/div>\n      <div data-colibri-id=\"4765-c29\" class=\"h-row-container gutters-row-lg-2 gutters-row-md-2 gutters-row-0 gutters-row-v-lg-2 gutters-row-v-md-2 gutters-row-v-2 style-6659 style-local-4765-c29 position-relative\">\n        <!---->\n        <div class=\"h-row justify-content-lg-center justify-content-md-center justify-content-center align-items-lg-stretch align-items-md-stretch align-items-stretch gutters-col-lg-2 gutters-col-md-2 gutters-col-0 gutters-col-v-lg-2 gutters-col-v-md-2 gutters-col-v-2\">\n          <!---->\n          <div class=\"h-column h-column-container d-flex h-col-lg-auto h-col-md-auto h-col-auto style-6660-outer style-local-4765-c30-outer\">\n            <div data-colibri-id=\"4765-c30\" class=\"d-flex h-flex-basis h-column__inner h-px-lg-2 h-px-md-2 h-px-2 v-inner-lg-2 v-inner-md-2 v-inner-2 style-6660 style-local-4765-c30 position-relative\">\n              <!---->\n              <!---->\n              <div class=\"w-100 h-y-container h-column__content h-column__v-align flex-basis-100 align-self-lg-start align-self-md-start align-self-start\">\n                <!---->\n                <div data-colibri-id=\"4765-c33\" class=\"d-block style-6663 style-local-4765-c33 position-relative h-element\">\n                  <!---->\n                  <div class=\"h-image__frame-container-outer\">\n                    <div class=\"h-image__frame-container\">\n                      <!---->\n                      <!---->\n                      <img loading=\"lazy\" decoding=\"async\" width=\"631\" height=\"630\" src=\"https:\/\/levillagedesantiquairesdelagare-nouvelvag.com\/wp-content\/uploads\/2022\/07\/cropped-one-man-show.jpg\" class=\"wp-image-10192 style-6663-image style-local-4765-c33-image\" alt=\"\" srcset=\"https:\/\/levillagedesantiquairesdelagare-nouvelvag.com\/wp-content\/uploads\/2022\/07\/cropped-one-man-show.jpg 631w, https:\/\/levillagedesantiquairesdelagare-nouvelvag.com\/wp-content\/uploads\/2022\/07\/cropped-one-man-show-300x300.jpg 300w, https:\/\/levillagedesantiquairesdelagare-nouvelvag.com\/wp-content\/uploads\/2022\/07\/cropped-one-man-show-150x150.jpg 150w\" sizes=\"auto, (max-width: 631px) 100vw, 631px\" \/>\n                      <div class=\"h-image__frame h-hide-lg h-hide-md h-hide-sm style-6663-frameImage style-local-4765-c33-frameImage\"><\/div>\n                    <\/div>\n                  <\/div>\n                <\/div>\n              <\/div>\n            <\/div>\n          <\/div>\n          <div class=\"h-column h-column-container d-flex h-col-lg-auto h-col-md-auto h-col-auto style-6661-outer style-local-4765-c31-outer\">\n            <div data-colibri-id=\"4765-c31\" class=\"d-flex h-flex-basis h-column__inner h-px-lg-2 h-px-md-2 h-px-2 v-inner-lg-2 v-inner-md-2 v-inner-2 style-6661 style-local-4765-c31 position-relative\">\n              <!---->\n              <!---->\n              <div class=\"w-100 h-y-container h-column__content h-column__v-align flex-basis-100 align-self-lg-start align-self-md-start align-self-start\">\n                <!---->\n                <div data-colibri-id=\"4765-c34\" class=\"d-block style-6664 style-local-4765-c34 position-relative h-element\">\n                  <!---->\n                  <div class=\"h-image__frame-container-outer\">\n                    <div class=\"h-image__frame-container\">\n                      <!---->\n                      <!---->\n                      <img loading=\"lazy\" decoding=\"async\" width=\"588\" height=\"588\" src=\"https:\/\/levillagedesantiquairesdelagare-nouvelvag.com\/wp-content\/uploads\/2022\/06\/cropped-pre-mariage-3.jpg\" class=\"wp-image-10194 style-6664-image style-local-4765-c34-image\" alt=\"\" srcset=\"https:\/\/levillagedesantiquairesdelagare-nouvelvag.com\/wp-content\/uploads\/2022\/06\/cropped-pre-mariage-3.jpg 588w, https:\/\/levillagedesantiquairesdelagare-nouvelvag.com\/wp-content\/uploads\/2022\/06\/cropped-pre-mariage-3-300x300.jpg 300w, https:\/\/levillagedesantiquairesdelagare-nouvelvag.com\/wp-content\/uploads\/2022\/06\/cropped-pre-mariage-3-150x150.jpg 150w\" sizes=\"auto, (max-width: 588px) 100vw, 588px\" \/>\n                      <div class=\"h-image__frame h-hide-lg h-hide-md h-hide-sm style-6664-frameImage style-local-4765-c34-frameImage\"><\/div>\n                    <\/div>\n                  <\/div>\n                <\/div>\n              <\/div>\n            <\/div>\n          <\/div>\n          <div class=\"h-column h-column-container d-flex h-col-lg-auto h-col-md-auto h-col-auto style-6662-outer style-local-4765-c32-outer\">\n            <div data-colibri-id=\"4765-c32\" class=\"d-flex h-flex-basis h-column__inner h-px-lg-2 h-px-md-2 h-px-2 v-inner-lg-2 v-inner-md-2 v-inner-2 style-6662 style-local-4765-c32 position-relative\">\n              <!---->\n              <!---->\n              <div class=\"w-100 h-y-container h-column__content h-column__v-align flex-basis-100 align-self-lg-start align-self-md-start align-self-start\">\n                <!---->\n                <div data-colibri-id=\"4765-c35\" class=\"d-block style-6665 style-local-4765-c35 position-relative h-element\">\n                  <!---->\n                  <div class=\"h-image__frame-container-outer\">\n                    <div class=\"h-image__frame-container\">\n                      <!---->\n                      <!---->\n                      <img loading=\"lazy\" decoding=\"async\" width=\"631\" height=\"632\" src=\"https:\/\/levillagedesantiquairesdelagare-nouvelvag.com\/wp-content\/uploads\/2022\/07\/cropped-blindtest-2-1.jpg\" class=\"wp-image-10193 style-6665-image style-local-4765-c35-image\" alt=\"\" srcset=\"https:\/\/levillagedesantiquairesdelagare-nouvelvag.com\/wp-content\/uploads\/2022\/07\/cropped-blindtest-2-1.jpg 631w, https:\/\/levillagedesantiquairesdelagare-nouvelvag.com\/wp-content\/uploads\/2022\/07\/cropped-blindtest-2-1-300x300.jpg 300w, https:\/\/levillagedesantiquairesdelagare-nouvelvag.com\/wp-content\/uploads\/2022\/07\/cropped-blindtest-2-1-150x150.jpg 150w\" sizes=\"auto, (max-width: 631px) 100vw, 631px\" \/>\n                      <div class=\"h-image__frame h-hide-lg h-hide-md h-hide-sm style-6665-frameImage style-local-4765-c35-frameImage\"><\/div>\n                    <\/div>\n                  <\/div>\n                <\/div>\n              <\/div>\n            <\/div>\n          <\/div>\n        <\/div>\n      <\/div>\n    <\/div>\n  <\/div>\n<\/div>","protected":false},"excerpt":{"rendered":"<p>Privatiser le lieu LES ESPACES EXT\u00c9RIEURS Un espace de pr\u00e8s de&nbsp;500m2 &nbsp;, situ\u00e9 au carrefour des plus anciennes boutiques du Village des Antiquaires de la Gare, enti\u00e8rement&nbsp;disponible \u00e0 la privatisation &nbsp;&nbsp;pour vos soir\u00e9es d\u2019entreprise. Cocktail, s\u00e9minaire, conf\u00e9rence, r\u00e9union \u2026&nbsp;De nombreuses configurations peuvent \u00eatre imagin\u00e9es selon vos besoins. \u00e9crivez-nous Les configurations<\/p>","protected":false},"author":1,"featured_media":0,"parent":0,"menu_order":0,"comment_status":"closed","ping_status":"closed","template":"page-templates\/full-width-page.php","meta":{"footnotes":""},"class_list":["post-4765","page","type-page","status-publish","hentry"],"_links":{"self":[{"href":"https:\/\/levillagedesantiquairesdelagare-nouvelvag.com\/en\/wp-json\/wp\/v2\/pages\/4765","targetHints":{"allow":["GET"]}}],"collection":[{"href":"https:\/\/levillagedesantiquairesdelagare-nouvelvag.com\/en\/wp-json\/wp\/v2\/pages"}],"about":[{"href":"https:\/\/levillagedesantiquairesdelagare-nouvelvag.com\/en\/wp-json\/wp\/v2\/types\/page"}],"author":[{"embeddable":true,"href":"https:\/\/levillagedesantiquairesdelagare-nouvelvag.com\/en\/wp-json\/wp\/v2\/users\/1"}],"replies":[{"embeddable":true,"href":"https:\/\/levillagedesantiquairesdelagare-nouvelvag.com\/en\/wp-json\/wp\/v2\/comments?post=4765"}],"version-history":[{"count":0,"href":"https:\/\/levillagedesantiquairesdelagare-nouvelvag.com\/en\/wp-json\/wp\/v2\/pages\/4765\/revisions"}],"wp:attachment":[{"href":"https:\/\/levillagedesantiquairesdelagare-nouvelvag.com\/en\/wp-json\/wp\/v2\/media?parent=4765"}],"curies":[{"name":"wp","href":"https:\/\/api.w.org\/{rel}","templated":true}]}}